{"id":1696,"date":"2022-02-08T16:46:50","date_gmt":"2022-02-08T14:46:50","guid":{"rendered":"https:\/\/tktiimi.fi\/tjanster\/bearbetningstjanster\/"},"modified":"2022-03-01T14:51:05","modified_gmt":"2022-03-01T12:51:05","slug":"bearbetningstjanster","status":"publish","type":"page","link":"https:\/\/tktiimi.fi\/sv\/tjanster\/bearbetningstjanster\/","title":{"rendered":"Bearbetningstj\u00e4nster"},"content":{"rendered":"  <div id=\"page-header-1694910603\" class=\"page-header-wrapper\">\n  <div class=\"page-title dark featured-title\">\n\n        <div class=\"page-title-bg\">\n      <div class=\"title-bg fill bg-fill\"\n        data-parallax-container=\".page-title\"\n        data-parallax-background\n        data-parallax=\"-\">\n      <\/div>\n      <div class=\"title-overlay fill\"><\/div>\n    <\/div>\n    \n    <div class=\"page-title-inner container align-center flex-row medium-flex-wrap\" >\n              <div class=\"title-wrapper flex-col text-left medium-text-center\">\n          <h1 class=\"entry-title mb-0\">\n            Bearbetningstj\u00e4nster          <\/h1>\n        <\/div>\n                    <div class=\"title-content flex-col flex-right text-right medium-text-center\">\n        <ul class=\"nav sm-touch-scroll nav-size-large nav-simple nav-lowercase text-left nav-left\"><li class=\"nav-single-page hidden\"><\/li><\/ul>      <\/div>\n    <\/div>\n\n     \n<style>\n#page-header-1694910603 .page-title-inner {\n  min-height: 100px;\n}\n#page-header-1694910603 .title-bg {\n  background-image: url(https:\/\/tktiimi.fi\/wp-content\/uploads\/2020\/08\/tk-tiimi_kuvitus_02_bw.jpg);\n  background-position: 0% 50%;\n}\n#page-header-1694910603 .title-overlay {\n  background-color: rgba(0, 0, 0, 0.5);\n}\n<\/style>\n  <\/div>\n    <\/div>\n  \n\n\t<section class=\"section\" id=\"section_2141488250\">\n\t\t<div class=\"section-bg fill\" >\n\t\t\t\t\t\t\t\t\t\n\t\t\t\n\n\t\t<\/div>\n\n\t\t\n\n\t\t<div class=\"section-content relative\">\n\t\t\t\n<div class=\"row align-center\"  id=\"row-680696607\">\n\n\t<div id=\"col-649852819\" class=\"col medium-10 small-12 large-10\"  >\n\t\t\t\t<div class=\"col-inner\"  >\n\t\t\t\n\t\t\t\n<p>Vi erbjuder \u00e4ven bearbetning som underleverant\u00f6rstj\u00e4nst, bland annat precisionsbearbetning fr\u00e5n 3D-modeller.<\/p>\n<p class=\"lead\">\n\t\t<\/div>\n\t\t\t\t\t<\/div>\n\n\t\n<\/div>\n\t\t<\/div>\n\n\t\t\n<style>\n#section_2141488250 {\n  padding-top: 60px;\n  padding-bottom: 60px;\n}\n<\/style>\n\t<\/section>\n\t\n<span class=\"scroll-to\" data-label=\"Scroll to: #cam-programmering\" data-bullet=\"false\" data-link=\"#cam-programmering\" data-title=\"CAM-programmering\"><a name=\"cam-programmering\"><\/a><\/span>\n\n\t<section class=\"section\" id=\"section_271075690\">\n\t\t<div class=\"section-bg fill\" >\n\t\t\t\t\t\t\t\t\t\n\t\t\t\n\n\t\t<\/div>\n\n\t\t\n\n\t\t<div class=\"section-content relative\">\n\t\t\t\n<div class=\"row row-full-width align-equal align-center\"  id=\"row-1667813641\">\n\n\t<div id=\"col-109783834\" class=\"col medium-4 small-12 large-4 small-col-first\"  >\n\t\t\t\t<div class=\"col-inner\"  >\n\t\t\t\n\t\t\t\n\t<div class=\"img has-hover x md-x lg-x y md-y lg-y\" id=\"image_1490027671\">\n\t\t\t\t\t\t\t\t<div class=\"img-inner image-cover dark\" style=\"padding-top:75%;\">\n\t\t\t<img loading=\"lazy\" decoding=\"async\" width=\"1020\" height=\"763\" src=\"https:\/\/tktiimi.fi\/wp-content\/uploads\/2020\/10\/tk-tiimi_koneistuspalvelut_02-1024x766.jpg\" class=\"attachment-large size-large\" alt=\"\" srcset=\"https:\/\/tktiimi.fi\/wp-content\/uploads\/2020\/10\/tk-tiimi_koneistuspalvelut_02-1024x766.jpg 1024w, https:\/\/tktiimi.fi\/wp-content\/uploads\/2020\/10\/tk-tiimi_koneistuspalvelut_02-300x225.jpg 300w, https:\/\/tktiimi.fi\/wp-content\/uploads\/2020\/10\/tk-tiimi_koneistuspalvelut_02-768x575.jpg 768w, https:\/\/tktiimi.fi\/wp-content\/uploads\/2020\/10\/tk-tiimi_koneistuspalvelut_02-1536x1150.jpg 1536w, https:\/\/tktiimi.fi\/wp-content\/uploads\/2020\/10\/tk-tiimi_koneistuspalvelut_02.jpg 1920w\" sizes=\"auto, (max-width: 1020px) 100vw, 1020px\" \/>\t\t\t\t\t\t\n\t\t\t\t\t<\/div>\n\t\t\t\t\t\t\t\t\n<style>\n#image_1490027671 {\n  width: 100%;\n}\n<\/style>\n\t<\/div>\n\t\n\t\t<\/div>\n\t\t\t\t\t<\/div>\n\n\t\n\n\t<div id=\"col-751676888\" class=\"col medium-6 small-12 large-6\"  >\n\t\t\t\t<div class=\"col-inner\" style=\"background-color:rgb(255,255,255);\" >\n\t\t\t\n\t\t\t\n<h2>CAM-programmering<\/h2>\n<p>Vi anv\u00e4nder Delcams CAM-programvara PowerMill, som skapar h\u00f6gkvalitativa och effektiva bearbetningsbanor f\u00f6r fleraxlig bearbetning och h\u00f6ghastighetsbearbetning. PowerShape CAD-programvara kan anv\u00e4ndas f\u00f6r modellering fr\u00e5n konceptdesign till efterbehandling av f\u00e4rdiga modeller. Vi l\u00e4gger till s\u00e5v\u00e4l avrundningar som sl\u00e4ppnings- och delningsytor f\u00f6r verktygstillverkning till modeller som erh\u00e5llits fr\u00e5n andra system.<\/p>\n\t\t<\/div>\n\t\t\t\t\n<style>\n#col-751676888 > .col-inner {\n  padding: 60px 60px 40px 60px;\n}\n<\/style>\n\t<\/div>\n\n\t\n<\/div>\n\t\t<\/div>\n\n\t\t\n<style>\n#section_271075690 {\n  padding-top: 30px;\n  padding-bottom: 30px;\n}\n<\/style>\n\t<\/section>\n\t\n<span class=\"scroll-to\" data-label=\"Scroll to: #verkstadstj\u00e4nster\" data-bullet=\"false\" data-link=\"#verkstadstj\u00e4nster\" data-title=\"Verkstadstj\u00e4nster\"><a name=\"verkstadstj\u00e4nster\"><\/a><\/span>\n\n\t<section class=\"section\" id=\"section_1430242722\">\n\t\t<div class=\"section-bg fill\" >\n\t\t\t\t\t\t\t\t\t\n\t\t\t\n\n\t\t<\/div>\n\n\t\t\n\n\t\t<div class=\"section-content relative\">\n\t\t\t\n<div class=\"row row-full-width align-equal align-center\"  id=\"row-1134095072\">\n\n\t<div id=\"col-1201471460\" class=\"col medium-6 small-12 large-6\"  >\n\t\t\t\t<div class=\"col-inner\"  >\n\t\t\t\n\t\t\t\n<h2><strong>Verkstadstj\u00e4nster<\/strong><\/h2>\n<ul>\n<li>CNC-bearbetning<\/li>\n<li>Gnistbearbetning (h\u00e4rdat och gl\u00f6dgat st\u00e5l)<\/li>\n<li>Tr\u00e5ds\u00e5gning f\u00f6r m\u00e5ttnoggrann tillverkning av kr\u00e4vande detaljer<\/li>\n<li>Lasersvetsning<\/li>\n<li>Konstruktion och tillverkning av robotgripare<\/li>\n<li>M\u00e4tningar med ber\u00f6rande och optisk CNC-m\u00e4tmaskin<\/li>\n<\/ul>\n\t\t<\/div>\n\t\t\t\t\n<style>\n#col-1201471460 > .col-inner {\n  padding: 60px 60px 20px 60px;\n}\n<\/style>\n\t<\/div>\n\n\t\n\n\t<div id=\"col-754956445\" class=\"col medium-4 small-12 large-4 small-col-first\"  >\n\t\t\t\t<div class=\"col-inner\"  >\n\t\t\t\n\t\t\t\n\t<div class=\"img has-hover x md-x lg-x y md-y lg-y\" id=\"image_1724473052\">\n\t\t\t\t\t\t\t\t<div class=\"img-inner image-cover dark\" style=\"padding-top:75%;\">\n\t\t\t<img loading=\"lazy\" decoding=\"async\" width=\"1020\" height=\"681\" src=\"https:\/\/tktiimi.fi\/wp-content\/uploads\/2020\/10\/tk-tiimi_koneistuspalvelut_01-1024x684.jpg\" class=\"attachment-large size-large\" alt=\"\" srcset=\"https:\/\/tktiimi.fi\/wp-content\/uploads\/2020\/10\/tk-tiimi_koneistuspalvelut_01-1024x684.jpg 1024w, https:\/\/tktiimi.fi\/wp-content\/uploads\/2020\/10\/tk-tiimi_koneistuspalvelut_01-300x200.jpg 300w, https:\/\/tktiimi.fi\/wp-content\/uploads\/2020\/10\/tk-tiimi_koneistuspalvelut_01-768x513.jpg 768w, https:\/\/tktiimi.fi\/wp-content\/uploads\/2020\/10\/tk-tiimi_koneistuspalvelut_01-1536x1026.jpg 1536w, https:\/\/tktiimi.fi\/wp-content\/uploads\/2020\/10\/tk-tiimi_koneistuspalvelut_01.jpg 1920w\" sizes=\"auto, (max-width: 1020px) 100vw, 1020px\" \/>\t\t\t\t\t\t\n\t\t\t\t\t<\/div>\n\t\t\t\t\t\t\t\t\n<style>\n#image_1724473052 {\n  width: 100%;\n}\n<\/style>\n\t<\/div>\n\t\n\t\t<\/div>\n\t\t\t\t\t<\/div>\n\n\t\n\n\t<div id=\"col-1949075106\" class=\"col medium-10 small-12 large-10\"  >\n\t\t\t\t<div class=\"col-inner\"  >\n\t\t\t\n\t\t\t\n<h3>CNC-bearbetning<\/h3>\n<p>5-axlig teknik kan anv\u00e4ndas f\u00f6r att tillverka komplexa delar av olika material. N\u00e4r alla operationer g\u00e5r att g\u00f6ra samtidigt och med samma maskin minskar antalet operationer avsev\u00e4rt i j\u00e4mf\u00f6relse med 3-axliga bearbetningsmetoder.<\/p>\n<h3>H\u00f6ghastighetsbearbetning<\/h3>\n<p>R\u00f6ders h\u00f6ghastighetsmaskin m\u00f6jligg\u00f6r tillverkning av f\u00f6rstklassiga delar.<\/p>\n<h3>S\u00e4nkgnistbearbetning<\/h3>\n<p>Gnistbearbetning kan anv\u00e4ndas f\u00f6r att skapa mycket exakta former med sm\u00e5 detaljer i h\u00e4rdade eller h\u00e5rda material. Vid s\u00e4nkgnistbearbetning tar elektroden bort material fr\u00e5n stycket utan mekanisk kontakt i gnistv\u00e4tskan, vilket resulterar i mycket exakta och finslipade former. F\u00f6rutom f\u00f6r tillverkning av formar kan metoden anv\u00e4ndas bland annat i tillverkning av st\u00e4mplingsverktyg f\u00f6r tillverkning av medaljer.<\/p>\n<h3>Tr\u00e5ds\u00e5gning<\/h3>\n<p>Tr\u00e5ds\u00e5gning \u00e4r l\u00e4mplig f\u00f6r m\u00e5ttnoggrann tillverkning av kr\u00e4vande detaljer. Vid tr\u00e5dgnistbearbetning \u00e4r det vanligtvis en koppartr\u00e5d som tar bort material fr\u00e5n arbetsstycket elektriskt. Metoden kan anv\u00e4ndas f\u00f6r att framst\u00e4lla bland annat fingrar f\u00f6r robotgripare, stansverktyg, dynor och stanser. Tr\u00e5ds\u00e5gen kan anv\u00e4ndas f\u00f6r att tillverka mycket exakta och h\u00f6gkvalitativa arbetsstycken av n\u00e4stan alla elektriskt ledande material oavsett h\u00e5rdhet.<\/p>\n<h3>Lasersvetsning<\/h3>\n<p>Med Rofin-lasersvets kan vi till exempel reparera mindre st\u00f6tskador.<\/p>\n<h3>Konstruktion och tillverkning av robotgripare<\/h3>\n<p>Vi designar och tillverkar robotgripare.<\/p>\n<h3>Tillverkning av stansverktyg<\/h3>\n<p>Vi konstruerar och tillverkar stansverktyg.<\/p>\n<h3>M\u00e4tningar med CNC m\u00e4tmaskin<\/h3>\n<p>Johansson Topaz CNC-koordinatm\u00e4tmaskin l\u00e4ser automatiskt av punktmolnet och j\u00e4mf\u00f6r det med CAD-modellen. Noggranna produktm\u00e4tningar kan g\u00f6ras med optisk Nikon Nexiv m\u00e4tmaskin.<\/p>\n<\/p>\n\t\t<\/div>\n\t\t\t\t\t<\/div>\n\n\t\n<\/div>\n\t\t<\/div>\n\n\t\t\n<style>\n#section_1430242722 {\n  padding-top: 30px;\n  padding-bottom: 30px;\n  background-color: rgb(238, 238, 238);\n}\n<\/style>\n\t<\/section>\n\t\n<span class=\"scroll-to\" data-label=\"Scroll to: #ta-kontakt\" data-bullet=\"false\" data-link=\"#ta-kontakt\" data-title=\"Ta kontakt\"><a name=\"ta-kontakt\"><\/a><\/span>\n\n\t<section class=\"section dark\" id=\"section_1716978361\">\n\t\t<div class=\"section-bg fill\" >\n\t\t\t\t\t\t\t\t\t\n\t\t\t\n\n\t\t<\/div>\n\n\t\t\n\n\t\t<div class=\"section-content relative\">\n\t\t\t\r\n\r\n<div class=\"row align-center\"  id=\"row-228252277\">\r\n\r\n\n\t<div id=\"col-1803478658\" class=\"col medium-6 small-12 large-6\"  >\n\t\t\t\t<div class=\"col-inner\"  >\n\t\t\t\n\t\t\t\r\n\r\n<p><strong><span style=\"font-size: 140%;\">Intresserad? Ta kontakt<\/span><\/strong><\/p>\r\n<p><div class='fluentform ff-default fluentform_wrapper_10 ffs_default_wrap'><form data-form_id=\"10\" id=\"fluentform_10\" class=\"frm-fluent-form fluent_form_10 ff-el-form-top ff_form_instance_10_1 ff-form-loading ffs_default\" data-form_instance=\"ff_form_instance_10_1\" method=\"POST\" ><fieldset  style=\"border: none!important;margin: 0!important;padding: 0!important;background-color: transparent!important;box-shadow: none!important;outline: none!important; min-inline-size: 100%;\">\n                    <legend class=\"ff_screen_reader_title\" style=\"display: block; margin: 0!important;padding: 0!important;height: 0!important;text-indent: -999999px;width: 0!important;overflow:hidden;\">Ta kontakt!<\/legend><input type='hidden' name='__fluent_form_embded_post_id' value='1696' \/><input type=\"hidden\" id=\"_fluentform_10_fluentformnonce\" name=\"_fluentform_10_fluentformnonce\" value=\"251438ac8b\" \/><input type=\"hidden\" name=\"_wp_http_referer\" value=\"\/sv\/wp-json\/wp\/v2\/pages\/1696\" \/><div class='ff-el-group'><div class=\"ff-el-input--label ff-el-is-required asterisk-right\"><label for='ff_10_namn_1646136788501' id='label_ff_10_namn_1646136788501' aria-label=\"Namn\">Namn<\/label><\/div><div class='ff-el-input--content'><input type=\"text\" name=\"namn_1646136788501\" class=\"ff-el-form-control\" id=\"ff_10_namn_1646136788501\" data-name=\"namn_1646136788501\"  aria-invalid=\"false\" aria-required=true><\/div><\/div><div class='ff-el-group'><div class=\"ff-el-input--label asterisk-right\"><label for='ff_10_telefonnummer_1646136810459' id='label_ff_10_telefonnummer_1646136810459' aria-label=\"Telefonnummer\">Telefonnummer<\/label><\/div><div class='ff-el-input--content'><input name=\"telefonnummer_1646136810459\" id=\"ff_10_telefonnummer_1646136810459\" class=\"ff-el-form-control ff-el-phone\" type=\"tel\" data-name=\"telefonnummer_1646136810459\" inputmode=\"tel\"  aria-invalid='false' aria-required=false><\/div><\/div><div class='ff-el-group'><div class=\"ff-el-input--label ff-el-is-required asterisk-right\"><label for='ff_10_e-post_1646136825980' id='label_ff_10_e-post_1646136825980' aria-label=\"E-post\">E-post<\/label><\/div><div class='ff-el-input--content'><input type=\"email\" name=\"e-post_1646136825980\" class=\"ff-el-form-control\" id=\"ff_10_e-post_1646136825980\" data-name=\"e-post_1646136825980\"  aria-invalid=\"false\" aria-required=true><\/div><\/div><div class='ff-el-group'><div class=\"ff-el-input--label ff-el-is-required asterisk-right\"><label for='ff_10_meddelande_1646136842907' id='label_ff_10_meddelande_1646136842907' aria-label=\"Meddelande\">Meddelande<\/label><\/div><div class='ff-el-input--content'><textarea aria-required=\"true\" aria-labelledby=\"label_ff_10_meddelande_1646136842907\" name=\"meddelande_1646136842907\" class=\"ff-el-form-control\" id=\"ff_10_meddelande_1646136842907\" cols=\"2\" data-name=\"meddelande_1646136842907\" ><\/textarea><\/div><\/div><input type=\"hidden\" name=\"sivu_1601288725077\" value=\"{wp:post_title} ({wp:post_url})\" data-name=\"sivu_1601288725077\" ><div class='ff-el-group ' ><div class='ff-el-input--label'><label>Recaptcha<\/label><\/div><div class='ff-el-input--content'><div data-fluent_id='10' name='g-recaptcha-response'><div\n\t\tdata-sitekey='6LeBANoaAAAAAMfv7D59CczIefKaN4TXlAMqh79w'\n\t\tid='fluentform-recaptcha-10-1'\n\t\tclass='ff-el-recaptcha g-recaptcha'\n\t\tdata-callback='fluentFormrecaptchaSuccessCallback'><\/div><\/div><\/div><\/div><div class='ff-el-group ff-text-left ff_submit_btn_wrapper'><button type=\"submit\" class=\"ff-btn ff-btn-submit ff-btn-md button primary ff_btn_style\"  aria-label=\"Skicka\">Skicka<\/button><\/div><\/fieldset><\/form><div id='fluentform_10_errors' class='ff-errors-in-stack ff_form_instance_10_1 ff-form-loading_errors ff_form_instance_10_1_errors'><\/div><\/div>            <script type=\"text\/javascript\">\n                window.fluent_form_ff_form_instance_10_1 = {\"id\":\"10\",\"settings\":{\"layout\":{\"labelPlacement\":\"top\",\"helpMessagePlacement\":\"with_label\",\"errorMessagePlacement\":\"inline\",\"cssClassName\":\"\",\"asteriskPlacement\":\"asterisk-right\"},\"restrictions\":{\"denyEmptySubmission\":{\"enabled\":false}}},\"form_instance\":\"ff_form_instance_10_1\",\"form_id_selector\":\"fluentform_10\",\"rules\":{\"namn_1646136788501\":{\"required\":{\"value\":true,\"message\":\"Detta f\\u00e4lt \\u00e4r obligatoriskt\"}},\"telefonnummer_1646136810459\":{\"required\":{\"value\":false,\"message\":\"This field is required\"},\"valid_phone_number\":{\"value\":false,\"message\":\"Phone number is not valid\"}},\"e-post_1646136825980\":{\"required\":{\"value\":true,\"message\":\"Detta f\\u00e4lt \\u00e4r obligatoriskt\"},\"email\":{\"value\":1,\"message\":\"Detta f\\u00e4lt m\\u00e5ste inneh\\u00e5lla en giltig e-postadress\"}},\"meddelande_1646136842907\":{\"required\":{\"value\":true,\"message\":\"Detta f\\u00e4lt \\u00e4r obligatoriskt\"}},\"g-recaptcha-response\":[]},\"debounce_time\":300};\n                            <\/script>\n            <\/p>\r\n\r\n\t\t<\/div>\n\t\t\t\t\t<\/div>\n\n\t\r\n\r\n<\/div>\r\n\r\n\t\t<\/div>\n\n\t\t\n<style>\n#section_1716978361 {\n  padding-top: 30px;\n  padding-bottom: 30px;\n  background-color: rgb(40, 40, 40);\n}\n<\/style>\n\t<\/section>\n\t\n","protected":false},"excerpt":{"rendered":"","protected":false},"author":1,"featured_media":0,"parent":1641,"menu_order":0,"comment_status":"closed","ping_status":"closed","template":"page-blank.php","meta":{"_improvement_type_select":"improve_an_existing","_thumb_yes_seoaic":false,"_frame_yes_seoaic":false,"seoaic_generate_description":"","seoaic_improve_instructions_prompt":"","seoaic_rollback_content_improvement":"","seoaic_idea_thumbnail_generator":"","thumbnail_generated":false,"thumbnail_generate_prompt":"","seoaic_article_description":"","footnotes":""},"class_list":["post-1696","page","type-page","status-publish","hentry"],"yoast_head":"<!-- This site is optimized with the Yoast SEO plugin v27.4 - https:\/\/yoast.com\/product\/yoast-seo-wordpress\/ -->\n<title>Bearbetningstj\u00e4nster - TK-Ty\u00f6kalutiimi Oy | Expert p\u00e5 formsprutningsproduktion<\/title>\n<meta name=\"description\" content=\"Vi erbjuder ocks\u00e5 underleverant\u00f6rstj\u00e4nster, t.ex. CNC-bearbetning, tr\u00e5ds\u00e5gning, lasersvetsning och m\u00e4tningar.\" \/>\n<meta name=\"robots\" content=\"index, follow, max-snippet:-1, max-image-preview:large, max-video-preview:-1\" \/>\n<link rel=\"canonical\" href=\"https:\/\/tktiimi.fi\/sv\/tjanster\/bearbetningstjanster\/\" \/>\n<meta property=\"og:locale\" content=\"sv_SE\" \/>\n<meta property=\"og:type\" content=\"article\" \/>\n<meta property=\"og:title\" content=\"Bearbetningstj\u00e4nster - TK-Ty\u00f6kalutiimi Oy | Expert p\u00e5 formsprutningsproduktion\" \/>\n<meta property=\"og:description\" content=\"Vi erbjuder ocks\u00e5 underleverant\u00f6rstj\u00e4nster, t.ex. CNC-bearbetning, tr\u00e5ds\u00e5gning, lasersvetsning och m\u00e4tningar.\" \/>\n<meta property=\"og:url\" content=\"https:\/\/tktiimi.fi\/sv\/tjanster\/bearbetningstjanster\/\" \/>\n<meta property=\"og:site_name\" content=\"TK-Ty\u00f6kalutiimi Oy\" \/>\n<meta property=\"article:modified_time\" content=\"2022-03-01T12:51:05+00:00\" \/>\n<meta name=\"twitter:card\" content=\"summary_large_image\" \/>\n<meta name=\"twitter:label1\" content=\"Ber\u00e4knad l\u00e4stid\" \/>\n\t<meta name=\"twitter:data1\" content=\"3 minuter\" \/>\n<script type=\"application\/ld+json\" class=\"yoast-schema-graph\">{\"@context\":\"https:\\\/\\\/schema.org\",\"@graph\":[{\"@type\":\"WebPage\",\"@id\":\"https:\\\/\\\/tktiimi.fi\\\/sv\\\/tjanster\\\/bearbetningstjanster\\\/\",\"url\":\"https:\\\/\\\/tktiimi.fi\\\/sv\\\/tjanster\\\/bearbetningstjanster\\\/\",\"name\":\"Bearbetningstj\u00e4nster - TK-Ty\u00f6kalutiimi Oy | Expert p\u00e5 formsprutningsproduktion\",\"isPartOf\":{\"@id\":\"https:\\\/\\\/tktiimi.fi\\\/sv\\\/#website\"},\"datePublished\":\"2022-02-08T14:46:50+00:00\",\"dateModified\":\"2022-03-01T12:51:05+00:00\",\"description\":\"Vi erbjuder ocks\u00e5 underleverant\u00f6rstj\u00e4nster, t.ex. CNC-bearbetning, tr\u00e5ds\u00e5gning, lasersvetsning och m\u00e4tningar.\",\"breadcrumb\":{\"@id\":\"https:\\\/\\\/tktiimi.fi\\\/sv\\\/tjanster\\\/bearbetningstjanster\\\/#breadcrumb\"},\"inLanguage\":\"sv-SE\",\"potentialAction\":[{\"@type\":\"ReadAction\",\"target\":[\"https:\\\/\\\/tktiimi.fi\\\/sv\\\/tjanster\\\/bearbetningstjanster\\\/\"]}]},{\"@type\":\"BreadcrumbList\",\"@id\":\"https:\\\/\\\/tktiimi.fi\\\/sv\\\/tjanster\\\/bearbetningstjanster\\\/#breadcrumb\",\"itemListElement\":[{\"@type\":\"ListItem\",\"position\":1,\"name\":\"Home\",\"item\":\"https:\\\/\\\/tktiimi.fi\\\/sv\\\/\"},{\"@type\":\"ListItem\",\"position\":2,\"name\":\"Tj\u00e4nster\",\"item\":\"https:\\\/\\\/tktiimi.fi\\\/sv\\\/tjanster\\\/\"},{\"@type\":\"ListItem\",\"position\":3,\"name\":\"Bearbetningstj\u00e4nster\"}]},{\"@type\":\"WebSite\",\"@id\":\"https:\\\/\\\/tktiimi.fi\\\/sv\\\/#website\",\"url\":\"https:\\\/\\\/tktiimi.fi\\\/sv\\\/\",\"name\":\"TK-Ty\u00f6kalutiimi Oy\",\"description\":\"Muovaamme ideoita\",\"publisher\":{\"@id\":\"https:\\\/\\\/tktiimi.fi\\\/sv\\\/#organization\"},\"potentialAction\":[{\"@type\":\"SearchAction\",\"target\":{\"@type\":\"EntryPoint\",\"urlTemplate\":\"https:\\\/\\\/tktiimi.fi\\\/sv\\\/?s={search_term_string}\"},\"query-input\":{\"@type\":\"PropertyValueSpecification\",\"valueRequired\":true,\"valueName\":\"search_term_string\"}}],\"inLanguage\":\"sv-SE\"},{\"@type\":\"Organization\",\"@id\":\"https:\\\/\\\/tktiimi.fi\\\/sv\\\/#organization\",\"name\":\"TK-Ty\u00f6kalutiimi Oy\",\"url\":\"https:\\\/\\\/tktiimi.fi\\\/sv\\\/\",\"logo\":{\"@type\":\"ImageObject\",\"inLanguage\":\"sv-SE\",\"@id\":\"https:\\\/\\\/tktiimi.fi\\\/sv\\\/#\\\/schema\\\/logo\\\/image\\\/\",\"url\":\"https:\\\/\\\/tktiimi.fi\\\/wp-content\\\/uploads\\\/2020\\\/09\\\/cropped-TK_tiimi_favicon.png\",\"contentUrl\":\"https:\\\/\\\/tktiimi.fi\\\/wp-content\\\/uploads\\\/2020\\\/09\\\/cropped-TK_tiimi_favicon.png\",\"width\":512,\"height\":512,\"caption\":\"TK-Ty\u00f6kalutiimi Oy\"},\"image\":{\"@id\":\"https:\\\/\\\/tktiimi.fi\\\/sv\\\/#\\\/schema\\\/logo\\\/image\\\/\"}}]}<\/script>\n<!-- \/ Yoast SEO plugin. -->","yoast_head_json":{"title":"Bearbetningstj\u00e4nster - TK-Ty\u00f6kalutiimi Oy | Expert p\u00e5 formsprutningsproduktion","description":"Vi erbjuder ocks\u00e5 underleverant\u00f6rstj\u00e4nster, t.ex. CNC-bearbetning, tr\u00e5ds\u00e5gning, lasersvetsning och m\u00e4tningar.","robots":{"index":"index","follow":"follow","max-snippet":"max-snippet:-1","max-image-preview":"max-image-preview:large","max-video-preview":"max-video-preview:-1"},"canonical":"https:\/\/tktiimi.fi\/sv\/tjanster\/bearbetningstjanster\/","og_locale":"sv_SE","og_type":"article","og_title":"Bearbetningstj\u00e4nster - TK-Ty\u00f6kalutiimi Oy | Expert p\u00e5 formsprutningsproduktion","og_description":"Vi erbjuder ocks\u00e5 underleverant\u00f6rstj\u00e4nster, t.ex. CNC-bearbetning, tr\u00e5ds\u00e5gning, lasersvetsning och m\u00e4tningar.","og_url":"https:\/\/tktiimi.fi\/sv\/tjanster\/bearbetningstjanster\/","og_site_name":"TK-Ty\u00f6kalutiimi Oy","article_modified_time":"2022-03-01T12:51:05+00:00","twitter_card":"summary_large_image","twitter_misc":{"Ber\u00e4knad l\u00e4stid":"3 minuter"},"schema":{"@context":"https:\/\/schema.org","@graph":[{"@type":"WebPage","@id":"https:\/\/tktiimi.fi\/sv\/tjanster\/bearbetningstjanster\/","url":"https:\/\/tktiimi.fi\/sv\/tjanster\/bearbetningstjanster\/","name":"Bearbetningstj\u00e4nster - TK-Ty\u00f6kalutiimi Oy | Expert p\u00e5 formsprutningsproduktion","isPartOf":{"@id":"https:\/\/tktiimi.fi\/sv\/#website"},"datePublished":"2022-02-08T14:46:50+00:00","dateModified":"2022-03-01T12:51:05+00:00","description":"Vi erbjuder ocks\u00e5 underleverant\u00f6rstj\u00e4nster, t.ex. CNC-bearbetning, tr\u00e5ds\u00e5gning, lasersvetsning och m\u00e4tningar.","breadcrumb":{"@id":"https:\/\/tktiimi.fi\/sv\/tjanster\/bearbetningstjanster\/#breadcrumb"},"inLanguage":"sv-SE","potentialAction":[{"@type":"ReadAction","target":["https:\/\/tktiimi.fi\/sv\/tjanster\/bearbetningstjanster\/"]}]},{"@type":"BreadcrumbList","@id":"https:\/\/tktiimi.fi\/sv\/tjanster\/bearbetningstjanster\/#breadcrumb","itemListElement":[{"@type":"ListItem","position":1,"name":"Home","item":"https:\/\/tktiimi.fi\/sv\/"},{"@type":"ListItem","position":2,"name":"Tj\u00e4nster","item":"https:\/\/tktiimi.fi\/sv\/tjanster\/"},{"@type":"ListItem","position":3,"name":"Bearbetningstj\u00e4nster"}]},{"@type":"WebSite","@id":"https:\/\/tktiimi.fi\/sv\/#website","url":"https:\/\/tktiimi.fi\/sv\/","name":"TK-Ty\u00f6kalutiimi Oy","description":"Muovaamme ideoita","publisher":{"@id":"https:\/\/tktiimi.fi\/sv\/#organization"},"potentialAction":[{"@type":"SearchAction","target":{"@type":"EntryPoint","urlTemplate":"https:\/\/tktiimi.fi\/sv\/?s={search_term_string}"},"query-input":{"@type":"PropertyValueSpecification","valueRequired":true,"valueName":"search_term_string"}}],"inLanguage":"sv-SE"},{"@type":"Organization","@id":"https:\/\/tktiimi.fi\/sv\/#organization","name":"TK-Ty\u00f6kalutiimi Oy","url":"https:\/\/tktiimi.fi\/sv\/","logo":{"@type":"ImageObject","inLanguage":"sv-SE","@id":"https:\/\/tktiimi.fi\/sv\/#\/schema\/logo\/image\/","url":"https:\/\/tktiimi.fi\/wp-content\/uploads\/2020\/09\/cropped-TK_tiimi_favicon.png","contentUrl":"https:\/\/tktiimi.fi\/wp-content\/uploads\/2020\/09\/cropped-TK_tiimi_favicon.png","width":512,"height":512,"caption":"TK-Ty\u00f6kalutiimi Oy"},"image":{"@id":"https:\/\/tktiimi.fi\/sv\/#\/schema\/logo\/image\/"}}]}},"_links":{"self":[{"href":"https:\/\/tktiimi.fi\/sv\/wp-json\/wp\/v2\/pages\/1696","targetHints":{"allow":["GET"]}}],"collection":[{"href":"https:\/\/tktiimi.fi\/sv\/wp-json\/wp\/v2\/pages"}],"about":[{"href":"https:\/\/tktiimi.fi\/sv\/wp-json\/wp\/v2\/types\/page"}],"author":[{"embeddable":true,"href":"https:\/\/tktiimi.fi\/sv\/wp-json\/wp\/v2\/users\/1"}],"replies":[{"embeddable":true,"href":"https:\/\/tktiimi.fi\/sv\/wp-json\/wp\/v2\/comments?post=1696"}],"version-history":[{"count":5,"href":"https:\/\/tktiimi.fi\/sv\/wp-json\/wp\/v2\/pages\/1696\/revisions"}],"predecessor-version":[{"id":1764,"href":"https:\/\/tktiimi.fi\/sv\/wp-json\/wp\/v2\/pages\/1696\/revisions\/1764"}],"up":[{"embeddable":true,"href":"https:\/\/tktiimi.fi\/sv\/wp-json\/wp\/v2\/pages\/1641"}],"wp:attachment":[{"href":"https:\/\/tktiimi.fi\/sv\/wp-json\/wp\/v2\/media?parent=1696"}],"curies":[{"name":"wp","href":"https:\/\/api.w.org\/{rel}","templated":true}]}}