{"id":1687,"date":"2022-02-08T16:46:02","date_gmt":"2022-02-08T14:46:02","guid":{"rendered":"https:\/\/tktiimi.fi\/plast-som-ravara\/"},"modified":"2022-02-24T15:49:16","modified_gmt":"2022-02-24T13:49:16","slug":"plast-som-ravara","status":"publish","type":"page","link":"https:\/\/tktiimi.fi\/sv\/plast-som-ravara\/","title":{"rendered":"Plast som r\u00e5vara"},"content":{"rendered":"  <div id=\"page-header-1636388529\" class=\"page-header-wrapper\">\n  <div class=\"page-title dark featured-title\">\n\n        <div class=\"page-title-bg\">\n      <div class=\"title-bg fill bg-fill\"\n        data-parallax-container=\".page-title\"\n        data-parallax-background\n        data-parallax=\"-\">\n      <\/div>\n      <div class=\"title-overlay fill\"><\/div>\n    <\/div>\n    \n    <div class=\"page-title-inner container align-center flex-row medium-flex-wrap\" >\n              <div class=\"title-wrapper flex-col text-left medium-text-center\">\n          <h1 class=\"entry-title mb-0\">\n            Plast som r\u00e5vara          <\/h1>\n        <\/div>\n                    <div class=\"title-content flex-col flex-right text-right medium-text-center\">\n        <ul class=\"nav sm-touch-scroll nav-size-large nav-simple nav-lowercase text-left nav-left\"><li class=\"nav-single-page hidden\"><\/li><\/ul>      <\/div>\n    <\/div>\n\n     \n<style>\n#page-header-1636388529 .page-title-inner {\n  min-height: 100px;\n}\n#page-header-1636388529 .title-bg {\n  background-image: url(https:\/\/tktiimi.fi\/wp-content\/uploads\/2020\/08\/tk-tiimi_kuvitus_02_bw.jpg);\n  background-position: 0% 50%;\n}\n#page-header-1636388529 .title-overlay {\n  background-color: rgba(0, 0, 0, 0.5);\n}\n<\/style>\n  <\/div>\n    <\/div>\n  \n\n\t<section class=\"section\" id=\"section_1118236197\">\n\t\t<div class=\"section-bg fill\" >\n\t\t\t\t\t\t\t\t\t\n\t\t\t\n\n\t\t<\/div>\n\n\t\t\n\n\t\t<div class=\"section-content relative\">\n\t\t\t\n<div class=\"row align-center\"  id=\"row-1610118455\">\n\n\t<div id=\"col-2121395567\" class=\"col medium-6 small-12 large-6\"  >\n\t\t\t\t<div class=\"col-inner\"  >\n\t\t\t\n\t\t\t\n<p class=\"lead\">Plast \u00e4r ett material som \u00e4r mycket b\u00e4ttre \u00e4n sitt rykte. Den m\u00e5ste kunna anv\u00e4ndas p\u00e5 r\u00e4tt s\u00e4tt och f\u00f6r r\u00e4tt \u00e4ndam\u00e5l. Med de r\u00e4tta valen kan man v\u00e4sentligt p\u00e5verka kolfotsp\u00e5ret av produkten som ska produceras.<\/p>\n<p>Plast \u00e4r ett oers\u00e4ttligt material i m\u00e5nga applikationer och spelar en avg\u00f6rande roll i energieffektiva l\u00f6sningar. Plast \u00e4r ett l\u00e4tt och energieffektivt material som \u00e4r l\u00e4tt att forma f\u00f6r n\u00e4stan vilket anv\u00e4ndnings\u00e4ndam\u00e5l som helst.<\/p>\n<p>Plast kan ocks\u00e5 tillverkas av icke-fossila r\u00e5varor. Olika slags f\u00f6rnybara r\u00e5varor kan anv\u00e4ndas f\u00f6r att tillverka bioplaster och biologiskt nedbrytbara material.<\/p>\n<p>R\u00e4tta materialval \u00e4r h\u00e5llbara och hj\u00e4lper till att f\u00f6rhindra milj\u00f6skador. Alternativen f\u00f6r \u00e5tervinning, \u00e5teranv\u00e4ndning eller kassering av produkten efter avslutad livscykel best\u00e4ms redan vid valet av material f\u00f6r produkten. Idag finns det \u00e4ven polymerer som tillverkas av f\u00f6rnybara naturliga r\u00e5varor i st\u00e4llet f\u00f6r fossila r\u00e5varor.L\u00e4s mer p\u00e5 Muoviteollisuus rf:s sidor<\/a><\/p>\n\t\t<\/div>\n\t\t\t\t\t<\/div>\n\n\t\n\n\t<div id=\"col-1248701411\" class=\"col medium-4 small-12 large-4\"  >\n\t\t\t\t<div class=\"col-inner\"  >\n\t\t\t\n\t\t\t\n\t<div class=\"img has-hover x md-x lg-x y md-y lg-y\" id=\"image_1212180580\">\n\t\t\t\t\t\t\t\t<div class=\"img-inner image-cover dark\" style=\"padding-top:126%;\">\n\t\t\t<img loading=\"lazy\" decoding=\"async\" width=\"1020\" height=\"680\" src=\"https:\/\/tktiimi.fi\/wp-content\/uploads\/2020\/11\/TK-Tiimi-Yritysesittely-2-1024x683.jpg\" class=\"attachment-large size-large\" alt=\"\" srcset=\"https:\/\/tktiimi.fi\/wp-content\/uploads\/2020\/11\/TK-Tiimi-Yritysesittely-2-1024x683.jpg 1024w, https:\/\/tktiimi.fi\/wp-content\/uploads\/2020\/11\/TK-Tiimi-Yritysesittely-2-300x200.jpg 300w, https:\/\/tktiimi.fi\/wp-content\/uploads\/2020\/11\/TK-Tiimi-Yritysesittely-2-768x512.jpg 768w, https:\/\/tktiimi.fi\/wp-content\/uploads\/2020\/11\/TK-Tiimi-Yritysesittely-2.jpg 1472w\" sizes=\"auto, (max-width: 1020px) 100vw, 1020px\" \/>\t\t\t\t\t\t\n\t\t\t\t\t<\/div>\n\t\t\t\t\t\t\t\t\n<style>\n#image_1212180580 {\n  width: 100%;\n}\n<\/style>\n\t<\/div>\n\t\n\t\t<\/div>\n\t\t\t\t\t<\/div>\n\n\t\n<\/div>\n\t\t<\/div>\n\n\t\t\n<style>\n#section_1118236197 {\n  padding-top: 30px;\n  padding-bottom: 30px;\n}\n<\/style>\n\t<\/section>\n\t\n\n\t<section class=\"section\" id=\"section_948866621\">\n\t\t<div class=\"section-bg fill\" >\n\t\t\t<img loading=\"lazy\" decoding=\"async\" width=\"1920\" height=\"1420\" src=\"https:\/\/tktiimi.fi\/wp-content\/uploads\/2020\/11\/Sulapac_11_Image_Sulapac_1920x1420px.jpg\" class=\"bg attachment- size-\" alt=\"\" \/>\t\t\t\t\t\t<div class=\"section-bg-overlay absolute fill\"><\/div>\n\t\t\t\n\n\t\t<\/div>\n\n\t\t\n\n\t\t<div class=\"section-content relative\">\n\t\t\t\n\n<div class=\"row row-large align-middle\"  id=\"row-180017506\">\n\n\n\t<div id=\"col-2134742001\" class=\"col medium-6 small-12 large-6\"  >\n\t\t\t\t<div class=\"col-inner\"  >\n\t\t\t\n\t\t\t\n\n\t<div class=\"img has-hover x md-x lg-x y md-y lg-y\" id=\"image_1283313184\">\n\t\t\t\t\t\t\t\t<div class=\"img-inner dark\" >\n\t\t\t<img loading=\"lazy\" decoding=\"async\" width=\"1020\" height=\"754\" src=\"https:\/\/tktiimi.fi\/wp-content\/uploads\/2020\/11\/Sulapac_11_Image_Sulapac_1920x1420px-1024x757.jpg\" class=\"attachment-large size-large\" alt=\"\" srcset=\"https:\/\/tktiimi.fi\/wp-content\/uploads\/2020\/11\/Sulapac_11_Image_Sulapac_1920x1420px-1024x757.jpg 1024w, https:\/\/tktiimi.fi\/wp-content\/uploads\/2020\/11\/Sulapac_11_Image_Sulapac_1920x1420px-300x222.jpg 300w, https:\/\/tktiimi.fi\/wp-content\/uploads\/2020\/11\/Sulapac_11_Image_Sulapac_1920x1420px-768x568.jpg 768w, https:\/\/tktiimi.fi\/wp-content\/uploads\/2020\/11\/Sulapac_11_Image_Sulapac_1920x1420px-1536x1136.jpg 1536w, https:\/\/tktiimi.fi\/wp-content\/uploads\/2020\/11\/Sulapac_11_Image_Sulapac_1920x1420px.jpg 1920w\" sizes=\"auto, (max-width: 1020px) 100vw, 1020px\" \/>\t\t\t\t\t\t\n\t\t\t\t\t<\/div>\n\t\t\t\t\t\t\t\t\n<style>\n#image_1283313184 {\n  width: 100%;\n}\n<\/style>\n\t<\/div>\n\t\n\n\n\t\t<\/div>\n\t\t\t\t\t<\/div>\n\n\t\n\n\t<div id=\"col-1420912195\" class=\"col medium-6 small-12 large-6\"  >\n\t\t\t\t<div class=\"col-inner text-left\"  >\n\t\t\t\n\t\t\t\n\n<h3>Sulapac \u2013 biobaserat, komposterbart material<\/h3>\n<p>Det biobaserade och industriellt komposterbara Sulapac-materialet kan anv\u00e4ndas f\u00f6r att tillverka en m\u00e4ngd olika produkter s\u00e5som kosmetikburkar och eng\u00e5ngsbestick. Materialets huvudkomponenter \u00e4r v\u00e4xtbaserade bindemedel och tr\u00e4 fr\u00e5n industrins sidostr\u00f6mmar. Materialet l\u00e4mpar sig v\u00e4l f\u00f6r eng\u00e5ngsprodukter och produkter med kort livsl\u00e4ngd, eftersom det bryts ned till vatten, koldioxid och biomassa och inte l\u00e4mnar n\u00e5gon permanent mikroplast efter sig. Sulapac \u00e4r vackert, praktiskt och milj\u00f6v\u00e4nligt.L\u00e4s mer om Sulapac-materialet.<\/a><\/p>\n<p>Vill du veta mer om hur Sulapac skulle l\u00e4mpa sig som material f\u00f6r din formsprutningsprodukt?<\/p>\n<a href=\"https:\/\/tktiimi.fi\/sv\/kontaktuppgifter\/\" class=\"button primary\" >\n\t\t<span>Ta kontakt<\/span>\n\t<\/a>\n\n\n\n\t\t<\/div>\n\t\t\t\t\t<\/div>\n\n\t\n\n<\/div>\n\n\t\t<\/div>\n\n\t\t\n<style>\n#section_948866621 {\n  padding-top: 60px;\n  padding-bottom: 60px;\n  background-color: rgb(193, 193, 193);\n}\n#section_948866621 .section-bg-overlay {\n  background-color: rgba(255, 255, 255, 0.85);\n}\n#section_948866621 .section-bg img {\n  object-position: 0% 21%;\n}\n<\/style>\n\t<\/section>\n\t\n<span class=\"scroll-to\" data-label=\"Scroll to: #milj\u00f6v\u00e4nlighet\" data-bullet=\"false\" data-link=\"#milj\u00f6v\u00e4nlighet\" data-title=\"Milj\u00f6v\u00e4nlighet\"><a name=\"milj\u00f6v\u00e4nlighet\"><\/a><\/span>\n\n\t<section class=\"section\" id=\"section_1628197242\">\n\t\t<div class=\"section-bg fill\" >\n\t\t\t\t\t\t\t\t\t\n\t\t\t\n\n\t\t<\/div>\n\n\t\t\n\n\t\t<div class=\"section-content relative\">\n\t\t\t\n<div class=\"row align-center\"  id=\"row-467669036\">\n\n\t<div id=\"col-499574366\" class=\"col medium-10 small-12 large-10\"  >\n\t\t\t\t<div class=\"col-inner\"  >\n\t\t\t\n\t\t\t\n<h2>Du kan ocks\u00e5 v\u00e4lja milj\u00f6v\u00e4nliga alternativ<\/h2>\n<p>Materialvalet \u00e4r alltid baserat p\u00e5 de egenskaper som kr\u00e4vs av produkten. Dessa krav kan kraftigt begr\u00e4nsa de alternativ som \u00e4r tillg\u00e4ngliga. Materialen kan vara kompositmaterial, keramiska material eller biomaterial. Som r\u00e5vara f\u00f6r m\u00e5nga tekniska plastprodukter finns det inte n\u00f6dv\u00e4ndigtvis n\u00e5gra alternativ till traditionella r\u00e5varor som ABS, PC, PC\/ABS, PA, etc.<\/p>\n<p>N\u00e4r man v\u00e4ljer material f\u00f6r produkten och betraktar materialens egenskaper m\u00e5ste man ta h\u00e4nsyn till bland annat transparens, f\u00e4rg, brotth\u00e5llfasthet, styvhet, biokompatibilitet, glas\u00f6verg\u00e5ngstemperatur, fuktbest\u00e4ndighet, sterilitet, flamskyddsegenskaper, partikelemissioner osv. Tillg\u00e4ngliga material \u00e4r allt ifr\u00e5n mycket h\u00e5rda till gummiartade, flexibla material.<\/p>\n<p><strong>Vad g\u00e4ller materialets milj\u00f6p\u00e5verkan \u00e4r det viktigt att beakta<\/strong><\/p>\n<ul>\n<li>r\u00e5varans ursprungs\u00e4mnen<\/li>\n<li>r\u00e5varans tillverkningsprocess<\/li>\n<li>produktens produktionsprocess<\/li>\n<li>produktens livsl\u00e4ngd<\/li>\n<li>m\u00f6jligheten att \u00e5tervinna produkten <\/li>\n<li>\u00e5teranv\u00e4ndning av produkten<\/li>\n<li>kassering av produkten<\/li>\n<\/ul>\n<p>Olika biobaserade material, biokompositmaterial och biologiskt nedbrytbara eller komposterbara material erbjuder redan idag utm\u00e4rkta alternativ till traditionella fossila material. TK-Tiimi har gedigen erfarenhet av dessa material inom formsprutningsproduktion.<\/p>\n\t\t<\/div>\n\t\t\t\t\t<\/div>\n\n\t\n<\/div>\n\t\t<\/div>\n\n\t\t\n<style>\n#section_1628197242 {\n  padding-top: 30px;\n  padding-bottom: 30px;\n}\n<\/style>\n\t<\/section>\n\t\n<span class=\"scroll-to\" data-label=\"Scroll to: #ta-kontakt\" data-bullet=\"false\" data-link=\"#ta-kontakt\" data-title=\"Ta kontakt\"><a name=\"ta-kontakt\"><\/a><\/span>\n\n\t<section class=\"section dark\" id=\"section_1725564524\">\n\t\t<div class=\"section-bg fill\" >\n\t\t\t\t\t\t\t\t\t\n\t\t\t\n\n\t\t<\/div>\n\n\t\t\n\n\t\t<div class=\"section-content relative\">\n\t\t\t\r\n\r\n<div class=\"row align-center\"  id=\"row-1023217785\">\r\n\r\n\n\t<div id=\"col-1169003602\" class=\"col medium-6 small-12 large-6\"  >\n\t\t\t\t<div class=\"col-inner\"  >\n\t\t\t\n\t\t\t\r\n\r\n<p><strong><span style=\"font-size: 140%;\">Intresserad? Ta kontakt<\/span><\/strong><\/p>\r\n<p><div class='fluentform ff-default fluentform_wrapper_10 ffs_default_wrap'><form data-form_id=\"10\" id=\"fluentform_10\" class=\"frm-fluent-form fluent_form_10 ff-el-form-top ff_form_instance_10_1 ff-form-loading ffs_default\" data-form_instance=\"ff_form_instance_10_1\" method=\"POST\" ><fieldset  style=\"border: none!important;margin: 0!important;padding: 0!important;background-color: transparent!important;box-shadow: none!important;outline: none!important; min-inline-size: 100%;\">\n                    <legend class=\"ff_screen_reader_title\" style=\"display: block; margin: 0!important;padding: 0!important;height: 0!important;text-indent: -999999px;width: 0!important;overflow:hidden;\">Ta kontakt!<\/legend><input type='hidden' name='__fluent_form_embded_post_id' value='1687' \/><input type=\"hidden\" id=\"_fluentform_10_fluentformnonce\" name=\"_fluentform_10_fluentformnonce\" value=\"b27528ff40\" \/><input type=\"hidden\" name=\"_wp_http_referer\" value=\"\/sv\/wp-json\/wp\/v2\/pages\/1687\" \/><div class='ff-el-group'><div class=\"ff-el-input--label ff-el-is-required asterisk-right\"><label for='ff_10_namn_1646136788501' id='label_ff_10_namn_1646136788501' aria-label=\"Namn\">Namn<\/label><\/div><div class='ff-el-input--content'><input type=\"text\" name=\"namn_1646136788501\" class=\"ff-el-form-control\" id=\"ff_10_namn_1646136788501\" data-name=\"namn_1646136788501\"  aria-invalid=\"false\" aria-required=true><\/div><\/div><div class='ff-el-group'><div class=\"ff-el-input--label asterisk-right\"><label for='ff_10_telefonnummer_1646136810459' id='label_ff_10_telefonnummer_1646136810459' aria-label=\"Telefonnummer\">Telefonnummer<\/label><\/div><div class='ff-el-input--content'><input name=\"telefonnummer_1646136810459\" id=\"ff_10_telefonnummer_1646136810459\" class=\"ff-el-form-control ff-el-phone\" type=\"tel\" data-name=\"telefonnummer_1646136810459\" inputmode=\"tel\"  aria-invalid='false' aria-required=false><\/div><\/div><div class='ff-el-group'><div class=\"ff-el-input--label ff-el-is-required asterisk-right\"><label for='ff_10_e-post_1646136825980' id='label_ff_10_e-post_1646136825980' aria-label=\"E-post\">E-post<\/label><\/div><div class='ff-el-input--content'><input type=\"email\" name=\"e-post_1646136825980\" class=\"ff-el-form-control\" id=\"ff_10_e-post_1646136825980\" data-name=\"e-post_1646136825980\"  aria-invalid=\"false\" aria-required=true><\/div><\/div><div class='ff-el-group'><div class=\"ff-el-input--label ff-el-is-required asterisk-right\"><label for='ff_10_meddelande_1646136842907' id='label_ff_10_meddelande_1646136842907' aria-label=\"Meddelande\">Meddelande<\/label><\/div><div class='ff-el-input--content'><textarea aria-required=\"true\" aria-labelledby=\"label_ff_10_meddelande_1646136842907\" name=\"meddelande_1646136842907\" class=\"ff-el-form-control\" id=\"ff_10_meddelande_1646136842907\" cols=\"2\" data-name=\"meddelande_1646136842907\" ><\/textarea><\/div><\/div><input type=\"hidden\" name=\"sivu_1601288725077\" value=\"{wp:post_title} ({wp:post_url})\" data-name=\"sivu_1601288725077\" ><div class='ff-el-group ' ><div class='ff-el-input--label'><label>Recaptcha<\/label><\/div><div class='ff-el-input--content'><div data-fluent_id='10' name='g-recaptcha-response'><div\n\t\tdata-sitekey='6LeBANoaAAAAAMfv7D59CczIefKaN4TXlAMqh79w'\n\t\tid='fluentform-recaptcha-10-1'\n\t\tclass='ff-el-recaptcha g-recaptcha'\n\t\tdata-callback='fluentFormrecaptchaSuccessCallback'><\/div><\/div><\/div><\/div><div class='ff-el-group ff-text-left ff_submit_btn_wrapper'><button type=\"submit\" class=\"ff-btn ff-btn-submit ff-btn-md button primary ff_btn_style\"  aria-label=\"Skicka\">Skicka<\/button><\/div><\/fieldset><\/form><div id='fluentform_10_errors' class='ff-errors-in-stack ff_form_instance_10_1 ff-form-loading_errors ff_form_instance_10_1_errors'><\/div><\/div>            <script type=\"text\/javascript\">\n                window.fluent_form_ff_form_instance_10_1 = {\"id\":\"10\",\"ajaxUrl\":\"https:\\\/\\\/tktiimi.fi\\\/wp-admin\\\/admin-ajax.php\",\"settings\":{\"layout\":{\"labelPlacement\":\"top\",\"helpMessagePlacement\":\"with_label\",\"errorMessagePlacement\":\"inline\",\"cssClassName\":\"\",\"asteriskPlacement\":\"asterisk-right\"},\"restrictions\":{\"denyEmptySubmission\":{\"enabled\":false}}},\"form_instance\":\"ff_form_instance_10_1\",\"form_id_selector\":\"fluentform_10\",\"rules\":{\"namn_1646136788501\":{\"required\":{\"value\":true,\"message\":\"Detta f\\u00e4lt \\u00e4r obligatoriskt\"}},\"telefonnummer_1646136810459\":{\"required\":{\"value\":false,\"message\":\"This field is required\"},\"valid_phone_number\":{\"value\":false,\"message\":\"Phone number is not valid\"}},\"e-post_1646136825980\":{\"required\":{\"value\":true,\"message\":\"Detta f\\u00e4lt \\u00e4r obligatoriskt\"},\"email\":{\"value\":1,\"message\":\"Detta f\\u00e4lt m\\u00e5ste inneh\\u00e5lla en giltig e-postadress\"}},\"meddelande_1646136842907\":{\"required\":{\"value\":true,\"message\":\"Detta f\\u00e4lt \\u00e4r obligatoriskt\"}},\"g-recaptcha-response\":[]},\"debounce_time\":300};\n                            <\/script>\n            <\/p>\r\n\r\n\t\t<\/div>\n\t\t\t\t\t<\/div>\n\n\t\r\n\r\n<\/div>\r\n\r\n\t\t<\/div>\n\n\t\t\n<style>\n#section_1725564524 {\n  padding-top: 30px;\n  padding-bottom: 30px;\n  background-color: rgb(40, 40, 40);\n}\n<\/style>\n\t<\/section>\n\t\n","protected":false},"excerpt":{"rendered":"","protected":false},"author":1,"featured_media":0,"parent":0,"menu_order":0,"comment_status":"closed","ping_status":"closed","template":"page-blank.php","meta":{"_improvement_type_select":"improve_an_existing","_thumb_yes_seoaic":false,"_frame_yes_seoaic":false,"seoaic_generate_description":"","seoaic_improve_instructions_prompt":"","seoaic_rollback_content_improvement":"","seoaic_idea_thumbnail_generator":"","thumbnail_generated":false,"thumbnail_generate_prompt":"","seoaic_article_description":"","footnotes":""},"class_list":["post-1687","page","type-page","status-publish","hentry"],"yoast_head":"<!-- This site is optimized with the Yoast SEO plugin v27.5 - https:\/\/yoast.com\/product\/yoast-seo-wordpress\/ -->\n<title>Plast som r\u00e5vara - TK-Ty\u00f6kalutiimi Oy<\/title>\n<meta name=\"description\" content=\"Plast: en r\u00e5vara som \u00e4r b\u00e4ttre \u00e4n sitt rykte. Den \u00e4r l\u00e4tt, energieffektiv och l\u00e4tt att forma f\u00f6r n\u00e4stan vilket anv\u00e4ndnings\u00e4ndam\u00e5l som helst.\" \/>\n<meta name=\"robots\" content=\"index, follow, max-snippet:-1, max-image-preview:large, max-video-preview:-1\" \/>\n<link rel=\"canonical\" href=\"https:\/\/tktiimi.fi\/sv\/plast-som-ravara\/\" \/>\n<meta property=\"og:locale\" content=\"sv_SE\" \/>\n<meta property=\"og:type\" content=\"article\" \/>\n<meta property=\"og:title\" content=\"Plast som r\u00e5vara - TK-Ty\u00f6kalutiimi Oy\" \/>\n<meta property=\"og:description\" content=\"Plast: en r\u00e5vara som \u00e4r b\u00e4ttre \u00e4n sitt rykte. Den \u00e4r l\u00e4tt, energieffektiv och l\u00e4tt att forma f\u00f6r n\u00e4stan vilket anv\u00e4ndnings\u00e4ndam\u00e5l som helst.\" \/>\n<meta property=\"og:url\" content=\"https:\/\/tktiimi.fi\/sv\/plast-som-ravara\/\" \/>\n<meta property=\"og:site_name\" content=\"TK-Ty\u00f6kalutiimi Oy\" \/>\n<meta property=\"article:modified_time\" content=\"2022-02-24T13:49:16+00:00\" \/>\n<meta name=\"twitter:card\" content=\"summary_large_image\" \/>\n<meta name=\"twitter:label1\" content=\"Ber\u00e4knad l\u00e4stid\" \/>\n\t<meta name=\"twitter:data1\" content=\"2 minuter\" \/>\n<script type=\"application\/ld+json\" class=\"yoast-schema-graph\">{\"@context\":\"https:\\\/\\\/schema.org\",\"@graph\":[{\"@type\":\"WebPage\",\"@id\":\"https:\\\/\\\/tktiimi.fi\\\/sv\\\/plast-som-ravara\\\/\",\"url\":\"https:\\\/\\\/tktiimi.fi\\\/sv\\\/plast-som-ravara\\\/\",\"name\":\"Plast som r\u00e5vara - TK-Ty\u00f6kalutiimi Oy\",\"isPartOf\":{\"@id\":\"https:\\\/\\\/tktiimi.fi\\\/sv\\\/#website\"},\"datePublished\":\"2022-02-08T14:46:02+00:00\",\"dateModified\":\"2022-02-24T13:49:16+00:00\",\"description\":\"Plast: en r\u00e5vara som \u00e4r b\u00e4ttre \u00e4n sitt rykte. Den \u00e4r l\u00e4tt, energieffektiv och l\u00e4tt att forma f\u00f6r n\u00e4stan vilket anv\u00e4ndnings\u00e4ndam\u00e5l som helst.\",\"breadcrumb\":{\"@id\":\"https:\\\/\\\/tktiimi.fi\\\/sv\\\/plast-som-ravara\\\/#breadcrumb\"},\"inLanguage\":\"sv-SE\",\"potentialAction\":[{\"@type\":\"ReadAction\",\"target\":[\"https:\\\/\\\/tktiimi.fi\\\/sv\\\/plast-som-ravara\\\/\"]}]},{\"@type\":\"BreadcrumbList\",\"@id\":\"https:\\\/\\\/tktiimi.fi\\\/sv\\\/plast-som-ravara\\\/#breadcrumb\",\"itemListElement\":[{\"@type\":\"ListItem\",\"position\":1,\"name\":\"Home\",\"item\":\"https:\\\/\\\/tktiimi.fi\\\/sv\\\/\"},{\"@type\":\"ListItem\",\"position\":2,\"name\":\"Plast som r\u00e5vara\"}]},{\"@type\":\"WebSite\",\"@id\":\"https:\\\/\\\/tktiimi.fi\\\/sv\\\/#website\",\"url\":\"https:\\\/\\\/tktiimi.fi\\\/sv\\\/\",\"name\":\"TK-Ty\u00f6kalutiimi Oy\",\"description\":\"Muovaamme ideoita\",\"publisher\":{\"@id\":\"https:\\\/\\\/tktiimi.fi\\\/sv\\\/#organization\"},\"potentialAction\":[{\"@type\":\"SearchAction\",\"target\":{\"@type\":\"EntryPoint\",\"urlTemplate\":\"https:\\\/\\\/tktiimi.fi\\\/sv\\\/?s={search_term_string}\"},\"query-input\":{\"@type\":\"PropertyValueSpecification\",\"valueRequired\":true,\"valueName\":\"search_term_string\"}}],\"inLanguage\":\"sv-SE\"},{\"@type\":\"Organization\",\"@id\":\"https:\\\/\\\/tktiimi.fi\\\/sv\\\/#organization\",\"name\":\"TK-Ty\u00f6kalutiimi Oy\",\"url\":\"https:\\\/\\\/tktiimi.fi\\\/sv\\\/\",\"logo\":{\"@type\":\"ImageObject\",\"inLanguage\":\"sv-SE\",\"@id\":\"https:\\\/\\\/tktiimi.fi\\\/sv\\\/#\\\/schema\\\/logo\\\/image\\\/\",\"url\":\"https:\\\/\\\/tktiimi.fi\\\/wp-content\\\/uploads\\\/2020\\\/09\\\/cropped-TK_tiimi_favicon.png\",\"contentUrl\":\"https:\\\/\\\/tktiimi.fi\\\/wp-content\\\/uploads\\\/2020\\\/09\\\/cropped-TK_tiimi_favicon.png\",\"width\":512,\"height\":512,\"caption\":\"TK-Ty\u00f6kalutiimi Oy\"},\"image\":{\"@id\":\"https:\\\/\\\/tktiimi.fi\\\/sv\\\/#\\\/schema\\\/logo\\\/image\\\/\"}}]}<\/script>\n<!-- \/ Yoast SEO plugin. -->","yoast_head_json":{"title":"Plast som r\u00e5vara - TK-Ty\u00f6kalutiimi Oy","description":"Plast: en r\u00e5vara som \u00e4r b\u00e4ttre \u00e4n sitt rykte. Den \u00e4r l\u00e4tt, energieffektiv och l\u00e4tt att forma f\u00f6r n\u00e4stan vilket anv\u00e4ndnings\u00e4ndam\u00e5l som helst.","robots":{"index":"index","follow":"follow","max-snippet":"max-snippet:-1","max-image-preview":"max-image-preview:large","max-video-preview":"max-video-preview:-1"},"canonical":"https:\/\/tktiimi.fi\/sv\/plast-som-ravara\/","og_locale":"sv_SE","og_type":"article","og_title":"Plast som r\u00e5vara - TK-Ty\u00f6kalutiimi Oy","og_description":"Plast: en r\u00e5vara som \u00e4r b\u00e4ttre \u00e4n sitt rykte. Den \u00e4r l\u00e4tt, energieffektiv och l\u00e4tt att forma f\u00f6r n\u00e4stan vilket anv\u00e4ndnings\u00e4ndam\u00e5l som helst.","og_url":"https:\/\/tktiimi.fi\/sv\/plast-som-ravara\/","og_site_name":"TK-Ty\u00f6kalutiimi Oy","article_modified_time":"2022-02-24T13:49:16+00:00","twitter_card":"summary_large_image","twitter_misc":{"Ber\u00e4knad l\u00e4stid":"2 minuter"},"schema":{"@context":"https:\/\/schema.org","@graph":[{"@type":"WebPage","@id":"https:\/\/tktiimi.fi\/sv\/plast-som-ravara\/","url":"https:\/\/tktiimi.fi\/sv\/plast-som-ravara\/","name":"Plast som r\u00e5vara - TK-Ty\u00f6kalutiimi Oy","isPartOf":{"@id":"https:\/\/tktiimi.fi\/sv\/#website"},"datePublished":"2022-02-08T14:46:02+00:00","dateModified":"2022-02-24T13:49:16+00:00","description":"Plast: en r\u00e5vara som \u00e4r b\u00e4ttre \u00e4n sitt rykte. Den \u00e4r l\u00e4tt, energieffektiv och l\u00e4tt att forma f\u00f6r n\u00e4stan vilket anv\u00e4ndnings\u00e4ndam\u00e5l som helst.","breadcrumb":{"@id":"https:\/\/tktiimi.fi\/sv\/plast-som-ravara\/#breadcrumb"},"inLanguage":"sv-SE","potentialAction":[{"@type":"ReadAction","target":["https:\/\/tktiimi.fi\/sv\/plast-som-ravara\/"]}]},{"@type":"BreadcrumbList","@id":"https:\/\/tktiimi.fi\/sv\/plast-som-ravara\/#breadcrumb","itemListElement":[{"@type":"ListItem","position":1,"name":"Home","item":"https:\/\/tktiimi.fi\/sv\/"},{"@type":"ListItem","position":2,"name":"Plast som r\u00e5vara"}]},{"@type":"WebSite","@id":"https:\/\/tktiimi.fi\/sv\/#website","url":"https:\/\/tktiimi.fi\/sv\/","name":"TK-Ty\u00f6kalutiimi Oy","description":"Muovaamme ideoita","publisher":{"@id":"https:\/\/tktiimi.fi\/sv\/#organization"},"potentialAction":[{"@type":"SearchAction","target":{"@type":"EntryPoint","urlTemplate":"https:\/\/tktiimi.fi\/sv\/?s={search_term_string}"},"query-input":{"@type":"PropertyValueSpecification","valueRequired":true,"valueName":"search_term_string"}}],"inLanguage":"sv-SE"},{"@type":"Organization","@id":"https:\/\/tktiimi.fi\/sv\/#organization","name":"TK-Ty\u00f6kalutiimi Oy","url":"https:\/\/tktiimi.fi\/sv\/","logo":{"@type":"ImageObject","inLanguage":"sv-SE","@id":"https:\/\/tktiimi.fi\/sv\/#\/schema\/logo\/image\/","url":"https:\/\/tktiimi.fi\/wp-content\/uploads\/2020\/09\/cropped-TK_tiimi_favicon.png","contentUrl":"https:\/\/tktiimi.fi\/wp-content\/uploads\/2020\/09\/cropped-TK_tiimi_favicon.png","width":512,"height":512,"caption":"TK-Ty\u00f6kalutiimi Oy"},"image":{"@id":"https:\/\/tktiimi.fi\/sv\/#\/schema\/logo\/image\/"}}]}},"_links":{"self":[{"href":"https:\/\/tktiimi.fi\/sv\/wp-json\/wp\/v2\/pages\/1687","targetHints":{"allow":["GET"]}}],"collection":[{"href":"https:\/\/tktiimi.fi\/sv\/wp-json\/wp\/v2\/pages"}],"about":[{"href":"https:\/\/tktiimi.fi\/sv\/wp-json\/wp\/v2\/types\/page"}],"author":[{"embeddable":true,"href":"https:\/\/tktiimi.fi\/sv\/wp-json\/wp\/v2\/users\/1"}],"replies":[{"embeddable":true,"href":"https:\/\/tktiimi.fi\/sv\/wp-json\/wp\/v2\/comments?post=1687"}],"version-history":[{"count":3,"href":"https:\/\/tktiimi.fi\/sv\/wp-json\/wp\/v2\/pages\/1687\/revisions"}],"predecessor-version":[{"id":1729,"href":"https:\/\/tktiimi.fi\/sv\/wp-json\/wp\/v2\/pages\/1687\/revisions\/1729"}],"wp:attachment":[{"href":"https:\/\/tktiimi.fi\/sv\/wp-json\/wp\/v2\/media?parent=1687"}],"curies":[{"name":"wp","href":"https:\/\/api.w.org\/{rel}","templated":true}]}}