{"id":1678,"date":"2022-02-08T16:43:08","date_gmt":"2022-02-08T14:43:08","guid":{"rendered":"https:\/\/tktiimi.fi\/tjanster\/vidareforadling-av-plastprodukter\/"},"modified":"2022-03-01T14:48:03","modified_gmt":"2022-03-01T12:48:03","slug":"vidareforadling-av-plastprodukter","status":"publish","type":"page","link":"https:\/\/tktiimi.fi\/sv\/tjanster\/vidareforadling-av-plastprodukter\/","title":{"rendered":"Vidaref\u00f6r\u00e4dling av plastprodukter"},"content":{"rendered":"  <div id=\"page-header-1603084164\" class=\"page-header-wrapper\">\n  <div class=\"page-title dark featured-title\">\n\n        <div class=\"page-title-bg\">\n      <div class=\"title-bg fill bg-fill\"\n        data-parallax-container=\".page-title\"\n        data-parallax-background\n        data-parallax=\"-\">\n      <\/div>\n      <div class=\"title-overlay fill\"><\/div>\n    <\/div>\n    \n    <div class=\"page-title-inner container align-center flex-row medium-flex-wrap\" >\n              <div class=\"title-wrapper flex-col text-left medium-text-center\">\n          <h1 class=\"entry-title mb-0\">\n            Vidaref\u00f6r\u00e4dling av plastprodukter          <\/h1>\n        <\/div>\n                    <div class=\"title-content flex-col flex-right text-right medium-text-center\">\n        <ul class=\"nav sm-touch-scroll nav-size-large nav-simple nav-lowercase text-left nav-left\"><li class=\"nav-single-page hidden\"><\/li><\/ul>      <\/div>\n    <\/div>\n\n     \n<style>\n#page-header-1603084164 .page-title-inner {\n  min-height: 100px;\n}\n#page-header-1603084164 .title-bg {\n  background-image: url(https:\/\/tktiimi.fi\/wp-content\/uploads\/2020\/08\/tk-tiimi_kuvitus_02_bw.jpg);\n  background-position: 0% 50%;\n}\n#page-header-1603084164 .title-overlay {\n  background-color: rgba(0, 0, 0, 0.5);\n}\n<\/style>\n  <\/div>\n    <\/div>\n  \n\n\t<section class=\"section\" id=\"section_1879700922\">\n\t\t<div class=\"section-bg fill\" >\n\t\t\t\t\t\t\t\t\t\n\t\t\t\n\n\t\t<\/div>\n\n\t\t\n\n\t\t<div class=\"section-content relative\">\n\t\t\t\n<div class=\"row align-center\"  id=\"row-1220246701\">\n\n\t<div id=\"col-90454748\" class=\"col medium-7 small-12 large-7\"  >\n\t\t\t\t<div class=\"col-inner\"  >\n\t\t\t\n\t\t\t\n<p>Formsprutade produkter kan vara mycket komplexa och kr\u00e4ver inte n\u00f6dv\u00e4ndigtvis n\u00e5gon efterbehandling. Du kan med f\u00f6rdel \u00f6verl\u00e5ta n\u00f6dv\u00e4ndig vidaref\u00f6r\u00e4dling och efterbehandling till oss. Vi erbjuder v\u00e5ra kunder en m\u00e4ngd m\u00e5ngsidiga vidaref\u00f6r\u00e4dlingstj\u00e4nster:<\/p>\n<h2>Kvalitetskontroll<\/h2>\n<p>Kvalitetskontrollanten \u00f6vervakar kvaliteten p\u00e5 produkterna i tillverkningsprocessen tillsammans med produktionsteamet.<\/p>\n<h2>Lackering och tryck<\/h2>\n<p>Produkterna kan lackeras eller ett m\u00f6nster kan tryckas p\u00e5 produkten vid tillverkningen.<\/p>\n<h2>UL-svetsning av plast<\/h2>\n<p>Plastprodukter kan sammanfogas med ultraljudssvetsning som sm\u00e4lter ihop materialen i fogen. Metoden kan ers\u00e4tta till exempel limning.<\/p>\n<h2>Sammans\u00e4ttning<\/h2>\n<p>Vi kan s\u00e4tta samman produkterna i v\u00e5ra egna lokaler i samband med produktionen och leverera f\u00e4rdiga enheter till kunden.<\/p>\n<h2>F\u00f6rpackningstj\u00e4nster<\/h2>\n<p>Vi packar kundernas produkter fr\u00e5n halvfabrikat till f\u00e4rdiga s\u00e4ljf\u00f6rpackningar.<\/p>\n<h2>Logistiktj\u00e4nster<\/h2>\n<p>Vi lagrar och levererar produkter till kunder exakt efter deras behov.<\/p>\n\t\t<\/div>\n\t\t\t\t\t<\/div>\n\n\t\n\n\t<div id=\"col-821325642\" class=\"col medium-3 small-12 large-3\"  >\n\t\t\t\t<div class=\"col-inner\"  >\n\t\t\t\n\t\t\t\n\t<div class=\"img has-hover x md-x lg-x y md-y lg-y\" id=\"image_346035705\">\n\t\t\t\t\t\t<div data-animate=\"flipInY\">\t\t<div class=\"img-inner dark\" >\n\t\t\t<img loading=\"lazy\" decoding=\"async\" width=\"527\" height=\"527\" src=\"https:\/\/tktiimi.fi\/wp-content\/uploads\/2020\/11\/TK_Tiimi_slider_07_02.png\" class=\"attachment-large size-large\" alt=\"\" srcset=\"https:\/\/tktiimi.fi\/wp-content\/uploads\/2020\/11\/TK_Tiimi_slider_07_02.png 527w, https:\/\/tktiimi.fi\/wp-content\/uploads\/2020\/11\/TK_Tiimi_slider_07_02-300x300.png 300w, https:\/\/tktiimi.fi\/wp-content\/uploads\/2020\/11\/TK_Tiimi_slider_07_02-150x150.png 150w\" sizes=\"auto, (max-width: 527px) 100vw, 527px\" \/>\t\t\t\t\t\t\n\t\t\t\t\t<\/div>\n\t\t<\/div>\t\t\t\t\t\t\n<style>\n#image_346035705 {\n  width: 100%;\n}\n<\/style>\n\t<\/div>\n\t\n\t\t<\/div>\n\t\t\t\t\t<\/div>\n\n\t\n<\/div>\n\t\t<\/div>\n\n\t\t\n<style>\n#section_1879700922 {\n  padding-top: 30px;\n  padding-bottom: 30px;\n}\n<\/style>\n\t<\/section>\n\t\n\n\t<section class=\"section dark\" id=\"section_1698666542\">\n\t\t<div class=\"section-bg fill\" >\n\t\t\t\t\t\t\t\t\t\n\t\t\t\n\n\t\t<\/div>\n\n\t\t\n\n\t\t<div class=\"section-content relative\">\n\t\t\t\n<div class=\"row row-collapse align-middle\"  id=\"row-1585532095\">\n\n\t<div id=\"col-391156300\" class=\"col medium-5 small-12 large-4\"  >\n\t\t\t\t<div class=\"col-inner text-left\"  >\n\t\t\t\n\t\t\t\n<div class=\"row row-collapse align-middle\"  id=\"row-1957069238\">\n\n\t<div id=\"col-1233012943\" class=\"col medium-3 small-3 large-3\"  >\n\t\t\t\t<div class=\"col-inner\"  >\n\t\t\t\n\t\t\t\n\t<div class=\"img has-hover x md-x lg-x y md-y lg-y\" id=\"image_1518290588\">\n\t\t<a class=\"\" href=\"https:\/\/tktiimi.fi\/sv\/tjanster\/produktion-av-formsprutade-produkter\/\" >\t\t\t\t\t\t<div class=\"img-inner dark\" >\n\t\t\t<img loading=\"lazy\" decoding=\"async\" width=\"927\" height=\"707\" src=\"https:\/\/tktiimi.fi\/wp-content\/uploads\/2020\/10\/TK_Tiimi_slider_06.png\" class=\"attachment-large size-large\" alt=\"\" srcset=\"https:\/\/tktiimi.fi\/wp-content\/uploads\/2020\/10\/TK_Tiimi_slider_06.png 927w, https:\/\/tktiimi.fi\/wp-content\/uploads\/2020\/10\/TK_Tiimi_slider_06-300x229.png 300w, https:\/\/tktiimi.fi\/wp-content\/uploads\/2020\/10\/TK_Tiimi_slider_06-768x586.png 768w\" sizes=\"auto, (max-width: 927px) 100vw, 927px\" \/>\t\t\t\t\t\t\n\t\t\t\t\t<\/div>\n\t\t\t\t\t\t<\/a>\t\t\n<style>\n#image_1518290588 {\n  width: 100%;\n}\n<\/style>\n\t<\/div>\n\t\n\t\t<\/div>\n\t\t\t\t\t<\/div>\n\n\t\n\n\t<div id=\"col-60589663\" class=\"col medium-9 small-9 large-9\"  >\n\t\t\t\t<div class=\"col-inner text-left\"  >\n\t\t\t\n\t\t\t\n<a href=\"https:\/\/tktiimi.fi\/sv\/tjanster\/produktion-av-formsprutade-produkter\/\" class=\"button white is-outline polku-button\" style=\"border-radius:99px;\">\n\t<i class=\"icon-angle-left\" aria-hidden=\"true\"><\/i>\t<span>Formsprutningsproduktion<\/span>\n\t<\/a>\n\n\t\t<\/div>\n\t\t\t\t\t<\/div>\n\n\t\n<\/div>\n\t\t<\/div>\n\t\t\t\t\t<\/div>\n\n\t\n\n\t<div id=\"col-491324508\" class=\"col medium-2 small-12 large-4 small-col-first\"  >\n\t\t\t\t<div class=\"col-inner text-center\"  >\n\t\t\t\n\t\t\t\n<p class=\"lead\">Fr\u00e5n id\u00e9 till produkt.<\/p>\n\t\t<\/div>\n\t\t\t\t\n<style>\n#col-491324508 > .col-inner {\n  padding: 27px 0px 0px 0px;\n}\n<\/style>\n\t<\/div>\n\n\t\n\n\t<div id=\"col-1182110764\" class=\"col medium-5 small-12 large-4\"  >\n\t\t\t\t<div class=\"col-inner\"  >\n\t\t\t\n\t\t\t\n<div class=\"row row-collapse align-middle\"  id=\"row-893667248\">\n\n\t<div id=\"col-1374418215\" class=\"col medium-9 small-9 large-9\"  >\n\t\t\t\t<div class=\"col-inner text-right\"  >\n\t\t\t\n\t\t\t\n<a href=\"https:\/\/tktiimi.fi\/sv\/tjanster\/underhall-reparation-och-andring-av-verktyg\/\" class=\"button white is-outline polku-button\" style=\"border-radius:99px;\">\n\t\t<span>\u00c4ndringar och service<\/span>\n\t<i class=\"icon-angle-right\" aria-hidden=\"true\"><\/i><\/a>\n\n\t\t<\/div>\n\t\t\t\t\t<\/div>\n\n\t\n\n\t<div id=\"col-170384129\" class=\"col medium-3 small-3 large-3\"  >\n\t\t\t\t<div class=\"col-inner\"  >\n\t\t\t\n\t\t\t\n\t<div class=\"img has-hover x md-x lg-x y md-y lg-y\" id=\"image_914404108\">\n\t\t<a class=\"\" href=\"https:\/\/tktiimi.fi\/sv\/tjanster\/underhall-reparation-och-andring-av-verktyg\/\" >\t\t\t\t\t\t<div class=\"img-inner dark\" >\n\t\t\t<img loading=\"lazy\" decoding=\"async\" width=\"927\" height=\"707\" src=\"https:\/\/tktiimi.fi\/wp-content\/uploads\/2020\/10\/TK_Tiimi_slider_08.png\" class=\"attachment-large size-large\" alt=\"\" srcset=\"https:\/\/tktiimi.fi\/wp-content\/uploads\/2020\/10\/TK_Tiimi_slider_08.png 927w, https:\/\/tktiimi.fi\/wp-content\/uploads\/2020\/10\/TK_Tiimi_slider_08-300x229.png 300w, https:\/\/tktiimi.fi\/wp-content\/uploads\/2020\/10\/TK_Tiimi_slider_08-768x586.png 768w\" sizes=\"auto, (max-width: 927px) 100vw, 927px\" \/>\t\t\t\t\t\t\n\t\t\t\t\t<\/div>\n\t\t\t\t\t\t<\/a>\t\t\n<style>\n#image_914404108 {\n  width: 100%;\n}\n<\/style>\n\t<\/div>\n\t\n\t\t<\/div>\n\t\t\t\t\t<\/div>\n\n\t\n<\/div>\n\t\t<\/div>\n\t\t\t\t\t<\/div>\n\n\t\n<\/div>\n\t\t<\/div>\n\n\t\t\n<style>\n#section_1698666542 {\n  padding-top: 0px;\n  padding-bottom: 0px;\n  background-color: #775aba;\n}\n<\/style>\n\t<\/section>\n\t\n<span class=\"scroll-to\" data-label=\"Scroll to: #ta-kontakt\" data-bullet=\"false\" data-link=\"#ta-kontakt\" data-title=\"Ta kontakt\"><a name=\"ta-kontakt\"><\/a><\/span>\n\n\t<section class=\"section dark\" id=\"section_1574331511\">\n\t\t<div class=\"section-bg fill\" >\n\t\t\t\t\t\t\t\t\t\n\t\t\t\n\n\t\t<\/div>\n\n\t\t\n\n\t\t<div class=\"section-content relative\">\n\t\t\t\r\n\r\n<div class=\"row align-center\"  id=\"row-624373308\">\r\n\r\n\n\t<div id=\"col-476741471\" class=\"col medium-6 small-12 large-6\"  >\n\t\t\t\t<div class=\"col-inner\"  >\n\t\t\t\n\t\t\t\r\n\r\n<p><strong><span style=\"font-size: 140%;\">Intresserad? Ta kontakt<\/span><\/strong><\/p>\r\n<p><div class='fluentform ff-default fluentform_wrapper_10 ffs_default_wrap'><form data-form_id=\"10\" id=\"fluentform_10\" class=\"frm-fluent-form fluent_form_10 ff-el-form-top ff_form_instance_10_1 ff-form-loading ffs_default\" data-form_instance=\"ff_form_instance_10_1\" method=\"POST\" ><fieldset  style=\"border: none!important;margin: 0!important;padding: 0!important;background-color: transparent!important;box-shadow: none!important;outline: none!important; min-inline-size: 100%;\">\n                    <legend class=\"ff_screen_reader_title\" style=\"display: block; margin: 0!important;padding: 0!important;height: 0!important;text-indent: -999999px;width: 0!important;overflow:hidden;\">Ta kontakt!<\/legend><input type='hidden' name='__fluent_form_embded_post_id' value='1678' \/><input type=\"hidden\" id=\"_fluentform_10_fluentformnonce\" name=\"_fluentform_10_fluentformnonce\" value=\"1f27b5c6bd\" \/><input type=\"hidden\" name=\"_wp_http_referer\" value=\"\/sv\/wp-json\/wp\/v2\/pages\/1678\" \/><div class='ff-el-group'><div class=\"ff-el-input--label ff-el-is-required asterisk-right\"><label for='ff_10_namn_1646136788501' id='label_ff_10_namn_1646136788501' aria-label=\"Namn\">Namn<\/label><\/div><div class='ff-el-input--content'><input type=\"text\" name=\"namn_1646136788501\" class=\"ff-el-form-control\" id=\"ff_10_namn_1646136788501\" data-name=\"namn_1646136788501\"  aria-invalid=\"false\" aria-required=true><\/div><\/div><div class='ff-el-group'><div class=\"ff-el-input--label asterisk-right\"><label for='ff_10_telefonnummer_1646136810459' id='label_ff_10_telefonnummer_1646136810459' aria-label=\"Telefonnummer\">Telefonnummer<\/label><\/div><div class='ff-el-input--content'><input name=\"telefonnummer_1646136810459\" id=\"ff_10_telefonnummer_1646136810459\" class=\"ff-el-form-control ff-el-phone\" type=\"tel\" data-name=\"telefonnummer_1646136810459\" inputmode=\"tel\"  aria-invalid='false' aria-required=false><\/div><\/div><div class='ff-el-group'><div class=\"ff-el-input--label ff-el-is-required asterisk-right\"><label for='ff_10_e-post_1646136825980' id='label_ff_10_e-post_1646136825980' aria-label=\"E-post\">E-post<\/label><\/div><div class='ff-el-input--content'><input type=\"email\" name=\"e-post_1646136825980\" class=\"ff-el-form-control\" id=\"ff_10_e-post_1646136825980\" data-name=\"e-post_1646136825980\"  aria-invalid=\"false\" aria-required=true><\/div><\/div><div class='ff-el-group'><div class=\"ff-el-input--label ff-el-is-required asterisk-right\"><label for='ff_10_meddelande_1646136842907' id='label_ff_10_meddelande_1646136842907' aria-label=\"Meddelande\">Meddelande<\/label><\/div><div class='ff-el-input--content'><textarea aria-required=\"true\" aria-labelledby=\"label_ff_10_meddelande_1646136842907\" name=\"meddelande_1646136842907\" class=\"ff-el-form-control\" id=\"ff_10_meddelande_1646136842907\" cols=\"2\" data-name=\"meddelande_1646136842907\" ><\/textarea><\/div><\/div><input type=\"hidden\" name=\"sivu_1601288725077\" value=\"{wp:post_title} ({wp:post_url})\" data-name=\"sivu_1601288725077\" ><div class='ff-el-group ' ><div class='ff-el-input--label'><label>Recaptcha<\/label><\/div><div class='ff-el-input--content'><div data-fluent_id='10' name='g-recaptcha-response'><div\n\t\tdata-sitekey='6LeBANoaAAAAAMfv7D59CczIefKaN4TXlAMqh79w'\n\t\tid='fluentform-recaptcha-10-1'\n\t\tclass='ff-el-recaptcha g-recaptcha'\n\t\tdata-callback='fluentFormrecaptchaSuccessCallback'><\/div><\/div><\/div><\/div><div class='ff-el-group ff-text-left ff_submit_btn_wrapper'><button type=\"submit\" class=\"ff-btn ff-btn-submit ff-btn-md button primary ff_btn_style\"  aria-label=\"Skicka\">Skicka<\/button><\/div><\/fieldset><\/form><div id='fluentform_10_errors' class='ff-errors-in-stack ff_form_instance_10_1 ff-form-loading_errors ff_form_instance_10_1_errors'><\/div><\/div>            <script type=\"text\/javascript\">\n                window.fluent_form_ff_form_instance_10_1 = {\"id\":\"10\",\"ajaxUrl\":\"https:\\\/\\\/tktiimi.fi\\\/wp-admin\\\/admin-ajax.php\",\"settings\":{\"layout\":{\"labelPlacement\":\"top\",\"helpMessagePlacement\":\"with_label\",\"errorMessagePlacement\":\"inline\",\"cssClassName\":\"\",\"asteriskPlacement\":\"asterisk-right\"},\"restrictions\":{\"denyEmptySubmission\":{\"enabled\":false}}},\"form_instance\":\"ff_form_instance_10_1\",\"form_id_selector\":\"fluentform_10\",\"rules\":{\"namn_1646136788501\":{\"required\":{\"value\":true,\"message\":\"Detta f\\u00e4lt \\u00e4r obligatoriskt\"}},\"telefonnummer_1646136810459\":{\"required\":{\"value\":false,\"message\":\"This field is required\"},\"valid_phone_number\":{\"value\":false,\"message\":\"Phone number is not valid\"}},\"e-post_1646136825980\":{\"required\":{\"value\":true,\"message\":\"Detta f\\u00e4lt \\u00e4r obligatoriskt\"},\"email\":{\"value\":1,\"message\":\"Detta f\\u00e4lt m\\u00e5ste inneh\\u00e5lla en giltig e-postadress\"}},\"meddelande_1646136842907\":{\"required\":{\"value\":true,\"message\":\"Detta f\\u00e4lt \\u00e4r obligatoriskt\"}},\"g-recaptcha-response\":[]},\"debounce_time\":300};\n                            <\/script>\n            <\/p>\r\n\r\n\t\t<\/div>\n\t\t\t\t\t<\/div>\n\n\t\r\n\r\n<\/div>\r\n\r\n\t\t<\/div>\n\n\t\t\n<style>\n#section_1574331511 {\n  padding-top: 30px;\n  padding-bottom: 30px;\n  background-color: rgb(40, 40, 40);\n}\n<\/style>\n\t<\/section>\n\t\n","protected":false},"excerpt":{"rendered":"","protected":false},"author":1,"featured_media":0,"parent":1641,"menu_order":0,"comment_status":"closed","ping_status":"closed","template":"page-blank.php","meta":{"_improvement_type_select":"improve_an_existing","_thumb_yes_seoaic":false,"_frame_yes_seoaic":false,"seoaic_generate_description":"","seoaic_improve_instructions_prompt":"","seoaic_rollback_content_improvement":"","seoaic_idea_thumbnail_generator":"","thumbnail_generated":false,"thumbnail_generate_prompt":"","seoaic_article_description":"","footnotes":""},"class_list":["post-1678","page","type-page","status-publish","hentry"],"yoast_head":"<!-- This site is optimized with the Yoast SEO plugin v27.5 - https:\/\/yoast.com\/product\/yoast-seo-wordpress\/ -->\n<title>Vidaref\u00f6r\u00e4dling av plastprodukter - TK-Ty\u00f6kalutiimi Oy<\/title>\n<meta name=\"description\" content=\"Tj\u00e4nsterna f\u00f6r vidaref\u00f6r\u00e4dling av plastprodukter omfattar bland annat kvalitetskontroll, lackering, svetsning och montering.\" \/>\n<meta name=\"robots\" content=\"index, follow, max-snippet:-1, max-image-preview:large, max-video-preview:-1\" \/>\n<link rel=\"canonical\" href=\"https:\/\/tktiimi.fi\/sv\/tjanster\/vidareforadling-av-plastprodukter\/\" \/>\n<meta property=\"og:locale\" content=\"sv_SE\" \/>\n<meta property=\"og:type\" content=\"article\" \/>\n<meta property=\"og:title\" content=\"Vidaref\u00f6r\u00e4dling av plastprodukter - TK-Ty\u00f6kalutiimi Oy\" \/>\n<meta property=\"og:description\" content=\"Tj\u00e4nsterna f\u00f6r vidaref\u00f6r\u00e4dling av plastprodukter omfattar bland annat kvalitetskontroll, lackering, svetsning och montering.\" \/>\n<meta property=\"og:url\" content=\"https:\/\/tktiimi.fi\/sv\/tjanster\/vidareforadling-av-plastprodukter\/\" \/>\n<meta property=\"og:site_name\" content=\"TK-Ty\u00f6kalutiimi Oy\" \/>\n<meta property=\"article:modified_time\" content=\"2022-03-01T12:48:03+00:00\" \/>\n<meta name=\"twitter:card\" content=\"summary_large_image\" \/>\n<meta name=\"twitter:label1\" content=\"Ber\u00e4knad l\u00e4stid\" \/>\n\t<meta name=\"twitter:data1\" content=\"2 minuter\" \/>\n<script type=\"application\/ld+json\" class=\"yoast-schema-graph\">{\"@context\":\"https:\\\/\\\/schema.org\",\"@graph\":[{\"@type\":\"WebPage\",\"@id\":\"https:\\\/\\\/tktiimi.fi\\\/sv\\\/tjanster\\\/vidareforadling-av-plastprodukter\\\/\",\"url\":\"https:\\\/\\\/tktiimi.fi\\\/sv\\\/tjanster\\\/vidareforadling-av-plastprodukter\\\/\",\"name\":\"Vidaref\u00f6r\u00e4dling av plastprodukter - TK-Ty\u00f6kalutiimi Oy\",\"isPartOf\":{\"@id\":\"https:\\\/\\\/tktiimi.fi\\\/sv\\\/#website\"},\"datePublished\":\"2022-02-08T14:43:08+00:00\",\"dateModified\":\"2022-03-01T12:48:03+00:00\",\"description\":\"Tj\u00e4nsterna f\u00f6r vidaref\u00f6r\u00e4dling av plastprodukter omfattar bland annat kvalitetskontroll, lackering, svetsning och montering.\",\"breadcrumb\":{\"@id\":\"https:\\\/\\\/tktiimi.fi\\\/sv\\\/tjanster\\\/vidareforadling-av-plastprodukter\\\/#breadcrumb\"},\"inLanguage\":\"sv-SE\",\"potentialAction\":[{\"@type\":\"ReadAction\",\"target\":[\"https:\\\/\\\/tktiimi.fi\\\/sv\\\/tjanster\\\/vidareforadling-av-plastprodukter\\\/\"]}]},{\"@type\":\"BreadcrumbList\",\"@id\":\"https:\\\/\\\/tktiimi.fi\\\/sv\\\/tjanster\\\/vidareforadling-av-plastprodukter\\\/#breadcrumb\",\"itemListElement\":[{\"@type\":\"ListItem\",\"position\":1,\"name\":\"Home\",\"item\":\"https:\\\/\\\/tktiimi.fi\\\/sv\\\/\"},{\"@type\":\"ListItem\",\"position\":2,\"name\":\"Tj\u00e4nster\",\"item\":\"https:\\\/\\\/tktiimi.fi\\\/sv\\\/tjanster\\\/\"},{\"@type\":\"ListItem\",\"position\":3,\"name\":\"Vidaref\u00f6r\u00e4dling av plastprodukter\"}]},{\"@type\":\"WebSite\",\"@id\":\"https:\\\/\\\/tktiimi.fi\\\/sv\\\/#website\",\"url\":\"https:\\\/\\\/tktiimi.fi\\\/sv\\\/\",\"name\":\"TK-Ty\u00f6kalutiimi Oy\",\"description\":\"Muovaamme ideoita\",\"publisher\":{\"@id\":\"https:\\\/\\\/tktiimi.fi\\\/sv\\\/#organization\"},\"potentialAction\":[{\"@type\":\"SearchAction\",\"target\":{\"@type\":\"EntryPoint\",\"urlTemplate\":\"https:\\\/\\\/tktiimi.fi\\\/sv\\\/?s={search_term_string}\"},\"query-input\":{\"@type\":\"PropertyValueSpecification\",\"valueRequired\":true,\"valueName\":\"search_term_string\"}}],\"inLanguage\":\"sv-SE\"},{\"@type\":\"Organization\",\"@id\":\"https:\\\/\\\/tktiimi.fi\\\/sv\\\/#organization\",\"name\":\"TK-Ty\u00f6kalutiimi Oy\",\"url\":\"https:\\\/\\\/tktiimi.fi\\\/sv\\\/\",\"logo\":{\"@type\":\"ImageObject\",\"inLanguage\":\"sv-SE\",\"@id\":\"https:\\\/\\\/tktiimi.fi\\\/sv\\\/#\\\/schema\\\/logo\\\/image\\\/\",\"url\":\"https:\\\/\\\/tktiimi.fi\\\/wp-content\\\/uploads\\\/2020\\\/09\\\/cropped-TK_tiimi_favicon.png\",\"contentUrl\":\"https:\\\/\\\/tktiimi.fi\\\/wp-content\\\/uploads\\\/2020\\\/09\\\/cropped-TK_tiimi_favicon.png\",\"width\":512,\"height\":512,\"caption\":\"TK-Ty\u00f6kalutiimi Oy\"},\"image\":{\"@id\":\"https:\\\/\\\/tktiimi.fi\\\/sv\\\/#\\\/schema\\\/logo\\\/image\\\/\"}}]}<\/script>\n<!-- \/ Yoast SEO plugin. -->","yoast_head_json":{"title":"Vidaref\u00f6r\u00e4dling av plastprodukter - TK-Ty\u00f6kalutiimi Oy","description":"Tj\u00e4nsterna f\u00f6r vidaref\u00f6r\u00e4dling av plastprodukter omfattar bland annat kvalitetskontroll, lackering, svetsning och montering.","robots":{"index":"index","follow":"follow","max-snippet":"max-snippet:-1","max-image-preview":"max-image-preview:large","max-video-preview":"max-video-preview:-1"},"canonical":"https:\/\/tktiimi.fi\/sv\/tjanster\/vidareforadling-av-plastprodukter\/","og_locale":"sv_SE","og_type":"article","og_title":"Vidaref\u00f6r\u00e4dling av plastprodukter - TK-Ty\u00f6kalutiimi Oy","og_description":"Tj\u00e4nsterna f\u00f6r vidaref\u00f6r\u00e4dling av plastprodukter omfattar bland annat kvalitetskontroll, lackering, svetsning och montering.","og_url":"https:\/\/tktiimi.fi\/sv\/tjanster\/vidareforadling-av-plastprodukter\/","og_site_name":"TK-Ty\u00f6kalutiimi Oy","article_modified_time":"2022-03-01T12:48:03+00:00","twitter_card":"summary_large_image","twitter_misc":{"Ber\u00e4knad l\u00e4stid":"2 minuter"},"schema":{"@context":"https:\/\/schema.org","@graph":[{"@type":"WebPage","@id":"https:\/\/tktiimi.fi\/sv\/tjanster\/vidareforadling-av-plastprodukter\/","url":"https:\/\/tktiimi.fi\/sv\/tjanster\/vidareforadling-av-plastprodukter\/","name":"Vidaref\u00f6r\u00e4dling av plastprodukter - TK-Ty\u00f6kalutiimi Oy","isPartOf":{"@id":"https:\/\/tktiimi.fi\/sv\/#website"},"datePublished":"2022-02-08T14:43:08+00:00","dateModified":"2022-03-01T12:48:03+00:00","description":"Tj\u00e4nsterna f\u00f6r vidaref\u00f6r\u00e4dling av plastprodukter omfattar bland annat kvalitetskontroll, lackering, svetsning och montering.","breadcrumb":{"@id":"https:\/\/tktiimi.fi\/sv\/tjanster\/vidareforadling-av-plastprodukter\/#breadcrumb"},"inLanguage":"sv-SE","potentialAction":[{"@type":"ReadAction","target":["https:\/\/tktiimi.fi\/sv\/tjanster\/vidareforadling-av-plastprodukter\/"]}]},{"@type":"BreadcrumbList","@id":"https:\/\/tktiimi.fi\/sv\/tjanster\/vidareforadling-av-plastprodukter\/#breadcrumb","itemListElement":[{"@type":"ListItem","position":1,"name":"Home","item":"https:\/\/tktiimi.fi\/sv\/"},{"@type":"ListItem","position":2,"name":"Tj\u00e4nster","item":"https:\/\/tktiimi.fi\/sv\/tjanster\/"},{"@type":"ListItem","position":3,"name":"Vidaref\u00f6r\u00e4dling av plastprodukter"}]},{"@type":"WebSite","@id":"https:\/\/tktiimi.fi\/sv\/#website","url":"https:\/\/tktiimi.fi\/sv\/","name":"TK-Ty\u00f6kalutiimi Oy","description":"Muovaamme ideoita","publisher":{"@id":"https:\/\/tktiimi.fi\/sv\/#organization"},"potentialAction":[{"@type":"SearchAction","target":{"@type":"EntryPoint","urlTemplate":"https:\/\/tktiimi.fi\/sv\/?s={search_term_string}"},"query-input":{"@type":"PropertyValueSpecification","valueRequired":true,"valueName":"search_term_string"}}],"inLanguage":"sv-SE"},{"@type":"Organization","@id":"https:\/\/tktiimi.fi\/sv\/#organization","name":"TK-Ty\u00f6kalutiimi Oy","url":"https:\/\/tktiimi.fi\/sv\/","logo":{"@type":"ImageObject","inLanguage":"sv-SE","@id":"https:\/\/tktiimi.fi\/sv\/#\/schema\/logo\/image\/","url":"https:\/\/tktiimi.fi\/wp-content\/uploads\/2020\/09\/cropped-TK_tiimi_favicon.png","contentUrl":"https:\/\/tktiimi.fi\/wp-content\/uploads\/2020\/09\/cropped-TK_tiimi_favicon.png","width":512,"height":512,"caption":"TK-Ty\u00f6kalutiimi Oy"},"image":{"@id":"https:\/\/tktiimi.fi\/sv\/#\/schema\/logo\/image\/"}}]}},"_links":{"self":[{"href":"https:\/\/tktiimi.fi\/sv\/wp-json\/wp\/v2\/pages\/1678","targetHints":{"allow":["GET"]}}],"collection":[{"href":"https:\/\/tktiimi.fi\/sv\/wp-json\/wp\/v2\/pages"}],"about":[{"href":"https:\/\/tktiimi.fi\/sv\/wp-json\/wp\/v2\/types\/page"}],"author":[{"embeddable":true,"href":"https:\/\/tktiimi.fi\/sv\/wp-json\/wp\/v2\/users\/1"}],"replies":[{"embeddable":true,"href":"https:\/\/tktiimi.fi\/sv\/wp-json\/wp\/v2\/comments?post=1678"}],"version-history":[{"count":4,"href":"https:\/\/tktiimi.fi\/sv\/wp-json\/wp\/v2\/pages\/1678\/revisions"}],"predecessor-version":[{"id":1759,"href":"https:\/\/tktiimi.fi\/sv\/wp-json\/wp\/v2\/pages\/1678\/revisions\/1759"}],"up":[{"embeddable":true,"href":"https:\/\/tktiimi.fi\/sv\/wp-json\/wp\/v2\/pages\/1641"}],"wp:attachment":[{"href":"https:\/\/tktiimi.fi\/sv\/wp-json\/wp\/v2\/media?parent=1678"}],"curies":[{"name":"wp","href":"https:\/\/api.w.org\/{rel}","templated":true}]}}