{"id":1641,"date":"2022-02-08T16:36:13","date_gmt":"2022-02-08T14:36:13","guid":{"rendered":"https:\/\/tktiimi.fi\/tjanster\/"},"modified":"2026-01-16T13:34:57","modified_gmt":"2026-01-16T11:34:57","slug":"tjanster","status":"publish","type":"page","link":"https:\/\/tktiimi.fi\/sv\/tjanster\/","title":{"rendered":"Tj\u00e4nster"},"content":{"rendered":"  <div id=\"page-header-812389614\" class=\"page-header-wrapper\">\n  <div class=\"page-title dark featured-title\">\n\n        <div class=\"page-title-bg\">\n      <div class=\"title-bg fill bg-fill\"\n        data-parallax-container=\".page-title\"\n        data-parallax-background\n        data-parallax=\"-\">\n      <\/div>\n      <div class=\"title-overlay fill\"><\/div>\n    <\/div>\n    \n    <div class=\"page-title-inner container align-center flex-row medium-flex-wrap\" >\n              <div class=\"title-wrapper flex-col text-left medium-text-center\">\n          <h1 class=\"entry-title mb-0\">\n            Tj\u00e4nster          <\/h1>\n        <\/div>\n                    <div class=\"title-content flex-col flex-right text-right medium-text-center\">\n        <ul class=\"nav sm-touch-scroll nav-size-large nav-simple nav-lowercase text-left nav-left\"><li class=\"nav-single-page hidden\"><\/li><\/ul>      <\/div>\n    <\/div>\n\n     \n<style>\n#page-header-812389614 .page-title-inner {\n  min-height: 100px;\n}\n#page-header-812389614 .title-bg {\n  background-image: url(https:\/\/tktiimi.fi\/wp-content\/uploads\/2020\/08\/tk-tiimi_kuvitus_02_bw.jpg);\n  background-position: 0% 50%;\n}\n#page-header-812389614 .title-overlay {\n  background-color: rgba(0, 0, 0, 0.5);\n}\n<\/style>\n  <\/div>\n    <\/div>\n  \n\n\t<section class=\"section\" id=\"section_760771837\">\n\t\t<div class=\"section-bg fill\" >\n\t\t\t\t\t\t\t\t\t\n\t\t\t\n\n\t\t<\/div>\n\n\t\t\n\n\t\t<div class=\"section-content relative\">\n\t\t\t\n<div class=\"row align-center\"  id=\"row-2037761905\">\n\n\t<div id=\"col-1486628119\" class=\"col medium-8 small-12 large-8\"  >\n\t\t\t\t<div class=\"col-inner\"  >\n\t\t\t\n\t\t\t\n<h2>Omfattande tj\u00e4nster f\u00f6r plastproduktion fr\u00e5n design till vidaref\u00f6r\u00e4dling<\/h2>\n<p>TK-Tiimi erbjuder experttj\u00e4nster f\u00f6r separata produktionssteg eller f\u00f6r hela processen, fr\u00e5n produktutveckling till produktion och vidaref\u00f6r\u00e4dling. Resan fr\u00e5n id\u00e9 till f\u00e4rdig plastprodukt \u00e4r l\u00e5ng och vindlande. TK-Tiimi kan vara er f\u00f6retagspartner hela v\u00e4gen eller bara p\u00e5 de etapper ni beh\u00f6ver.<\/p>\n<p>Vi har utformat v\u00e5rt servicekoncept att fungera fr\u00e5n design till f\u00e4rdig produkt, s\u00e5 att kunden inte beh\u00f6ver anv\u00e4nda sig av flera olika akt\u00f6rer.<\/p>\n\t\t<\/div>\n\t\t\t\t\n<style>\n#col-1486628119 > .col-inner {\n  margin: 0px 0px -60px 0px;\n}\n<\/style>\n\t<\/div>\n\n\t\n<\/div>\n\t\t<\/div>\n\n\t\t\n<style>\n#section_760771837 {\n  padding-top: 60px;\n  padding-bottom: 60px;\n  background-color: rgb(255,255,255);\n}\n<\/style>\n\t<\/section>\n\t\n\n\t<section class=\"section\" id=\"section_662325224\">\n\t\t<div class=\"section-bg fill\" >\n\t\t\t\t\t\t\t\t\t\n\t\t\t\n\n\t\t<\/div>\n\n\t\t\n\n\t\t<div class=\"section-content relative\">\n\t\t\t\n<div class=\"row align-equal align-center\"  id=\"row-1505818580\">\n\n\t<div id=\"col-1006781793\" class=\"col medium-6 small-12 large-4\"  >\n\t\t\t\t<div class=\"col-inner dark\" style=\"background-color:rgb(45, 45, 45);\" >\n\t\t\t\n\t\t\t\n\t<div class=\"box has-hover   has-hover box-text-bottom\" >\n\n\t\t<div class=\"box-image\" >\n\t\t\t\t\t\t<div class=\"image-color image-cover\" style=\"padding-top:65%;\">\n\t\t\t\t<img loading=\"lazy\" decoding=\"async\" width=\"1920\" height=\"1420\" src=\"https:\/\/tktiimi.fi\/wp-content\/uploads\/2020\/11\/Sulapac_11_Image_Sulapac_1920x1420px.jpg\" class=\"attachment- size-\" alt=\"\" srcset=\"https:\/\/tktiimi.fi\/wp-content\/uploads\/2020\/11\/Sulapac_11_Image_Sulapac_1920x1420px.jpg 1920w, https:\/\/tktiimi.fi\/wp-content\/uploads\/2020\/11\/Sulapac_11_Image_Sulapac_1920x1420px-300x222.jpg 300w, https:\/\/tktiimi.fi\/wp-content\/uploads\/2020\/11\/Sulapac_11_Image_Sulapac_1920x1420px-1024x757.jpg 1024w, https:\/\/tktiimi.fi\/wp-content\/uploads\/2020\/11\/Sulapac_11_Image_Sulapac_1920x1420px-768x568.jpg 768w, https:\/\/tktiimi.fi\/wp-content\/uploads\/2020\/11\/Sulapac_11_Image_Sulapac_1920x1420px-1536x1136.jpg 1536w\" sizes=\"auto, (max-width: 1920px) 100vw, 1920px\" \/>\t\t\t\t\t\t\t\t\t\t\t<\/div>\n\t\t\t\t\t<\/div>\n\n\t\t<div class=\"box-text text-left\" style=\"padding:25px 25px 26px 25px;\">\n\t\t\t<div class=\"box-text-inner\">\n\t\t\t\t\n<h2>Produktutveckling och produktdesign<\/h2>\n<p> De l\u00f6sningar du v\u00e4ljer i designfasen p\u00e5verkar hela produktionsprocessen. Materialet, till exempel, \u00e4r ett av dessa viktiga beslut.<\/p>\n<a href=\"https:\/\/tktiimi.fi\/sv\/tjanster\/produktutveckling\/\" class=\"button white reveal-icon\" >\n\t\t<span>L\u00e4s mer<\/span>\n\t<i class=\"icon-angle-right\" aria-hidden=\"true\"><\/i><\/a>\n\n\t\t\t<\/div>\n\t\t<\/div>\n\t<\/div>\n\t\n\t\t<\/div>\n\t\t\t\t\n<style>\n#col-1006781793 > .col-inner {\n  border-radius: 25px;\n}\n<\/style>\n\t<\/div>\n\n\t\n\n\t<div id=\"col-509313211\" class=\"col medium-6 small-12 large-4\"  >\n\t\t\t\t<div class=\"col-inner dark\" style=\"background-color:rgb(45, 45, 45);\" >\n\t\t\t\n\t\t\t\n\t<div class=\"box has-hover   has-hover box-text-bottom\" >\n\n\t\t<div class=\"box-image\" >\n\t\t\t\t\t\t<div class=\"image-color image-cover\" style=\"padding-top:65%;\">\n\t\t\t\t<img loading=\"lazy\" decoding=\"async\" width=\"1920\" height=\"1240\" src=\"https:\/\/tktiimi.fi\/wp-content\/uploads\/2020\/08\/tk-tiimi_kuvitus_02.jpg\" class=\"attachment- size-\" alt=\"\" srcset=\"https:\/\/tktiimi.fi\/wp-content\/uploads\/2020\/08\/tk-tiimi_kuvitus_02.jpg 1920w, https:\/\/tktiimi.fi\/wp-content\/uploads\/2020\/08\/tk-tiimi_kuvitus_02-300x194.jpg 300w, https:\/\/tktiimi.fi\/wp-content\/uploads\/2020\/08\/tk-tiimi_kuvitus_02-1024x661.jpg 1024w, https:\/\/tktiimi.fi\/wp-content\/uploads\/2020\/08\/tk-tiimi_kuvitus_02-768x496.jpg 768w, https:\/\/tktiimi.fi\/wp-content\/uploads\/2020\/08\/tk-tiimi_kuvitus_02-1536x992.jpg 1536w\" sizes=\"auto, (max-width: 1920px) 100vw, 1920px\" \/>\t\t\t\t\t\t\t\t\t\t\t<\/div>\n\t\t\t\t\t<\/div>\n\n\t\t<div class=\"box-text text-left\" style=\"padding:25px 25px 26px 25px;\">\n\t\t\t<div class=\"box-text-inner\">\n\t\t\t\t\n<h2>Konstruktion och tillverkning av formverktyg<\/h2>\n<\/p>\n<p> Ett funktionellt, v\u00e4l konstruerat och tillverkat formsprutningsverktyg erbjuder m\u00e5nga f\u00f6rdelar.<\/p>\n<a href=\"https:\/\/tktiimi.fi\/sv\/tjanster\/konstruktion-och-tillverkning-av-verktyg\/\" class=\"button white reveal-icon\" >\n\t\t<span>L\u00e4s mer<\/span>\n\t<i class=\"icon-angle-right\" aria-hidden=\"true\"><\/i><\/a>\n\n\t\t\t<\/div>\n\t\t<\/div>\n\t<\/div>\n\t\n\t\t<\/div>\n\t\t\t\t\n<style>\n#col-509313211 > .col-inner {\n  border-radius: 25px;\n}\n<\/style>\n\t<\/div>\n\n\t\n\n\t<div id=\"col-629304636\" class=\"col medium-6 small-12 large-4\"  >\n\t\t\t\t<div class=\"col-inner dark\" style=\"background-color:rgb(45, 45, 45);\" >\n\t\t\t\n\t\t\t\n\t<div class=\"box has-hover   has-hover box-text-bottom\" >\n\n\t\t<div class=\"box-image\" >\n\t\t\t\t\t\t<div class=\"image-color image-cover\" style=\"padding-top:65%;\">\n\t\t\t\t<img loading=\"lazy\" decoding=\"async\" width=\"1198\" height=\"800\" src=\"https:\/\/tktiimi.fi\/wp-content\/uploads\/2020\/11\/TK-Tiimi-Yritysesittely-8.jpg\" class=\"attachment- size-\" alt=\"\" srcset=\"https:\/\/tktiimi.fi\/wp-content\/uploads\/2020\/11\/TK-Tiimi-Yritysesittely-8.jpg 1198w, https:\/\/tktiimi.fi\/wp-content\/uploads\/2020\/11\/TK-Tiimi-Yritysesittely-8-300x200.jpg 300w, https:\/\/tktiimi.fi\/wp-content\/uploads\/2020\/11\/TK-Tiimi-Yritysesittely-8-1024x684.jpg 1024w, https:\/\/tktiimi.fi\/wp-content\/uploads\/2020\/11\/TK-Tiimi-Yritysesittely-8-768x513.jpg 768w\" sizes=\"auto, (max-width: 1198px) 100vw, 1198px\" \/>\t\t\t\t\t\t\t\t\t\t\t<\/div>\n\t\t\t\t\t<\/div>\n\n\t\t<div class=\"box-text text-left\" style=\"padding:25px 25px 26px 25px;\">\n\t\t\t<div class=\"box-text-inner\">\n\t\t\t\t\n<h2>Produktion av formsprutningsprodukter<\/h2>\n<\/p>\n<p> V\u00e5r starka tillverkningskapacitet klarar b\u00e5de stora och sm\u00e5 serier.<\/p>\n<a href=\"https:\/\/tktiimi.fi\/sv\/tjanster\/produktion-av-formsprutade-produkter\/\" class=\"button white reveal-icon\" >\n\t\t<span>L\u00e4s mer<\/span>\n\t<i class=\"icon-angle-right\" aria-hidden=\"true\"><\/i><\/a>\n\n\t\t\t<\/div>\n\t\t<\/div>\n\t<\/div>\n\t\n\t\t<\/div>\n\t\t\t\t\n<style>\n#col-629304636 > .col-inner {\n  border-radius: 25px;\n}\n<\/style>\n\t<\/div>\n\n\t\n\n\t<div id=\"col-1550839131\" class=\"col medium-6 small-12 large-4\"  >\n\t\t\t\t<div class=\"col-inner dark\" style=\"background-color:rgb(45, 45, 45);\" >\n\t\t\t\n\t\t\t\n\t<div class=\"box has-hover   has-hover box-text-bottom\" >\n\n\t\t<div class=\"box-image\" >\n\t\t\t\t\t\t<div class=\"image-color image-cover\" style=\"padding-top:65%;\">\n\t\t\t\t<img loading=\"lazy\" decoding=\"async\" width=\"1920\" height=\"1240\" src=\"https:\/\/tktiimi.fi\/wp-content\/uploads\/2020\/10\/tk-tiimi_kuvitus_03.jpg\" class=\"attachment- size-\" alt=\"\" srcset=\"https:\/\/tktiimi.fi\/wp-content\/uploads\/2020\/10\/tk-tiimi_kuvitus_03.jpg 1920w, https:\/\/tktiimi.fi\/wp-content\/uploads\/2020\/10\/tk-tiimi_kuvitus_03-300x194.jpg 300w, https:\/\/tktiimi.fi\/wp-content\/uploads\/2020\/10\/tk-tiimi_kuvitus_03-1024x661.jpg 1024w, https:\/\/tktiimi.fi\/wp-content\/uploads\/2020\/10\/tk-tiimi_kuvitus_03-768x496.jpg 768w, https:\/\/tktiimi.fi\/wp-content\/uploads\/2020\/10\/tk-tiimi_kuvitus_03-1536x992.jpg 1536w\" sizes=\"auto, (max-width: 1920px) 100vw, 1920px\" \/>\t\t\t\t\t\t\t\t\t\t\t<\/div>\n\t\t\t\t\t<\/div>\n\n\t\t<div class=\"box-text text-left\" style=\"padding:25px 25px 26px 25px;\">\n\t\t\t<div class=\"box-text-inner\">\n\t\t\t\t\n<h2>Vidaref\u00f6r\u00e4dling av plastprodukter<\/h2>\n<p>M\u00e5ngsidiga vidaref\u00f6r\u00e4dlingstj\u00e4nster fr\u00e5n samma st\u00e4lle.<\/p>\n<a href=\"https:\/\/tktiimi.fi\/sv\/tjanster\/vidareforadling-av-plastprodukter\/\" class=\"button white reveal-icon\" >\n\t\t<span>L\u00e4s mer<\/span>\n\t<i class=\"icon-angle-right\" aria-hidden=\"true\"><\/i><\/a>\n\n\t\t\t<\/div>\n\t\t<\/div>\n\t<\/div>\n\t\n\t\t<\/div>\n\t\t\t\t\n<style>\n#col-1550839131 > .col-inner {\n  border-radius: 25px;\n}\n<\/style>\n\t<\/div>\n\n\t\n\n\t<div id=\"col-1039646404\" class=\"col medium-6 small-12 large-4\"  >\n\t\t\t\t<div class=\"col-inner dark\" style=\"background-color:rgb(45, 45, 45);\" >\n\t\t\t\n\t\t\t\n\t<div class=\"box has-hover   has-hover box-text-bottom\" >\n\n\t\t<div class=\"box-image\" >\n\t\t\t\t\t\t<div class=\"image-color image-cover\" style=\"padding-top:65%;\">\n\t\t\t\t<img loading=\"lazy\" decoding=\"async\" width=\"1229\" height=\"819\" src=\"https:\/\/tktiimi.fi\/wp-content\/uploads\/2020\/11\/TK-Tiimi-Yritysesittely-3.jpg\" class=\"attachment- size-\" alt=\"\" srcset=\"https:\/\/tktiimi.fi\/wp-content\/uploads\/2020\/11\/TK-Tiimi-Yritysesittely-3.jpg 1229w, https:\/\/tktiimi.fi\/wp-content\/uploads\/2020\/11\/TK-Tiimi-Yritysesittely-3-300x200.jpg 300w, https:\/\/tktiimi.fi\/wp-content\/uploads\/2020\/11\/TK-Tiimi-Yritysesittely-3-1024x682.jpg 1024w, https:\/\/tktiimi.fi\/wp-content\/uploads\/2020\/11\/TK-Tiimi-Yritysesittely-3-768x512.jpg 768w\" sizes=\"auto, (max-width: 1229px) 100vw, 1229px\" \/>\t\t\t\t\t\t\t\t\t\t\t<\/div>\n\t\t\t\t\t<\/div>\n\n\t\t<div class=\"box-text text-left\" style=\"padding:25px 25px 26px 25px;\">\n\t\t\t<div class=\"box-text-inner\">\n\t\t\t\t\n<h2>Underh\u00e5ll, reparation och \u00e4ndringar<\/h2>\n<p>Regelbundet underh\u00e5ll och modernisering av formverktyg f\u00f6rl\u00e4nger deras livsl\u00e4ngd.<\/p>\n<a href=\"https:\/\/tktiimi.fi\/sv\/tjanster\/underhall-reparation-och-andring-av-verktyg\/\" class=\"button white reveal-icon\" >\n\t\t<span>L\u00e4s mer<\/span>\n\t<i class=\"icon-angle-right\" aria-hidden=\"true\"><\/i><\/a>\n\n\t\t\t<\/div>\n\t\t<\/div>\n\t<\/div>\n\t\n\t\t<\/div>\n\t\t\t\t\n<style>\n#col-1039646404 > .col-inner {\n  border-radius: 25px;\n}\n<\/style>\n\t<\/div>\n\n\t\n\n\t<div id=\"col-1177774691\" class=\"col medium-6 small-12 large-4\"  >\n\t\t\t\t<div class=\"col-inner dark\" style=\"background-color:rgb(45, 45, 45);\" >\n\t\t\t\n\t\t\t\n\t<div class=\"box has-hover   has-hover box-text-bottom\" >\n\n\t\t<div class=\"box-image\" >\n\t\t\t\t\t\t<div class=\"image-color image-cover\" style=\"padding-top:65%;\">\n\t\t\t\t<img loading=\"lazy\" decoding=\"async\" width=\"1920\" height=\"1437\" src=\"https:\/\/tktiimi.fi\/wp-content\/uploads\/2020\/10\/tk-tiimi_koneistuspalvelut_02.jpg\" class=\"attachment- size-\" alt=\"\" srcset=\"https:\/\/tktiimi.fi\/wp-content\/uploads\/2020\/10\/tk-tiimi_koneistuspalvelut_02.jpg 1920w, https:\/\/tktiimi.fi\/wp-content\/uploads\/2020\/10\/tk-tiimi_koneistuspalvelut_02-300x225.jpg 300w, https:\/\/tktiimi.fi\/wp-content\/uploads\/2020\/10\/tk-tiimi_koneistuspalvelut_02-1024x766.jpg 1024w, https:\/\/tktiimi.fi\/wp-content\/uploads\/2020\/10\/tk-tiimi_koneistuspalvelut_02-768x575.jpg 768w, https:\/\/tktiimi.fi\/wp-content\/uploads\/2020\/10\/tk-tiimi_koneistuspalvelut_02-1536x1150.jpg 1536w\" sizes=\"auto, (max-width: 1920px) 100vw, 1920px\" \/>\t\t\t\t\t\t\t\t\t\t\t<\/div>\n\t\t\t\t\t<\/div>\n\n\t\t<div class=\"box-text text-left\" style=\"padding:25px 25px 26px 25px;\">\n\t\t\t<div class=\"box-text-inner\">\n\t\t\t\t\n<h2> Bearbetningstj\u00e4nster<\/h2>\n<\/p>\n<p> V\u00e5r verkstad \u00e4r \u00e4ven underleverant\u00f6r till f\u00f6retag.<\/p>\n<a href=\"https:\/\/tktiimi.fi\/sv\/tjanster\/bearbetningstjanster\/\" class=\"button white reveal-icon\" >\n\t\t<span>L\u00e4s mer<\/span>\n\t<i class=\"icon-angle-right\" aria-hidden=\"true\"><\/i><\/a>\n\n\t\t\t<\/div>\n\t\t<\/div>\n\t<\/div>\n\t\n\t\t<\/div>\n\t\t\t\t\n<style>\n#col-1177774691 > .col-inner {\n  border-radius: 25px;\n}\n<\/style>\n\t<\/div>\n\n\t\n<\/div>\n\t\t<\/div>\n\n\t\t\n<style>\n#section_662325224 {\n  padding-top: 100px;\n  padding-bottom: 100px;\n  background-color: rgb(83, 83, 83);\n}\n<\/style>\n\t<\/section>\n\t\n\n\t<section class=\"section\" id=\"section_123789451\">\n\t\t<div class=\"section-bg fill\" >\n\t\t\t\t\t\t\t\t\t\n\t\t\t\n\n\t\t<\/div>\n\n\t\t\n\n\t\t<div class=\"section-content relative\">\n\t\t\t\n<div class=\"row align-center\"  id=\"row-1730538744\">\n\n\t<div id=\"col-1062297685\" class=\"col medium-8 small-12 large-8\"  >\n\t\t\t\t<div class=\"col-inner\"  >\n\t\t\t\n\t\t\t\n<h2>Traditionella plastmaterial, nya alternativ och kunnande\u00a0<\/h2>\n<p>V\u00e5r omfattande expertis inom traditionella plastmaterial, nya alternativa material och produktion av plastprodukter st\u00e5r till f\u00f6rfogande vid behov, antingen i n\u00e4ra samarbete med f\u00f6retagets produktutveckling och konstrukt\u00f6rer som en del av ett team, inom konstruktion och tillverkning av formsprutningsverktyg, produktion av kr\u00e4vande plastprodukter och vidaref\u00f6r\u00e4dling (t.ex. m\u00e5lning, sammans\u00e4ttning) eller underh\u00e5ll och reparation av verktyg.<\/p>\n<p>Vi anv\u00e4nder oss av ett stort antal specialister i v\u00e5r verksamhet, vilket inneb\u00e4r att resurserna kan anv\u00e4ndas effektivt enligt principerna f\u00f6r h\u00e5llbar utveckling.<\/p>\n<p class=\"lead\">\u201dNu f\u00f6r tiden m\u00e5ste man vara m\u00e5ngsidig f\u00f6r att klara sig. TK-Tiimi utvecklar st\u00e4ndigt sitt kunnande f\u00f6r att stanna p\u00e5 toppen i den finska plastindustrin.\u201d<\/p>\n\t\t<\/div>\n\t\t\t\t\n<style>\n#col-1062297685 > .col-inner {\n  margin: 0px 0px -60px 0px;\n}\n<\/style>\n\t<\/div>\n\n\t\n<\/div>\n\t\t<\/div>\n\n\t\t\n<style>\n#section_123789451 {\n  padding-top: 60px;\n  padding-bottom: 60px;\n  background-color: rgb(255,255,255);\n}\n<\/style>\n\t<\/section>\n\t\n","protected":false},"excerpt":{"rendered":"","protected":false},"author":1,"featured_media":0,"parent":0,"menu_order":0,"comment_status":"closed","ping_status":"closed","template":"page-blank.php","meta":{"_improvement_type_select":"improve_an_existing","_thumb_yes_seoaic":false,"_frame_yes_seoaic":false,"seoaic_generate_description":"","seoaic_improve_instructions_prompt":"","seoaic_rollback_content_improvement":"","seoaic_idea_thumbnail_generator":"","thumbnail_generated":false,"thumbnail_generate_prompt":"","seoaic_article_description":"","footnotes":""},"class_list":["post-1641","page","type-page","status-publish","hentry"],"yoast_head":"<!-- This site is optimized with the Yoast SEO plugin v27.5 - https:\/\/yoast.com\/product\/yoast-seo-wordpress\/ -->\n<title>Tj\u00e4nster - TK-Ty\u00f6kalutiimi Oy | Expert p\u00e5 formsprutningsproduktion<\/title>\n<meta name=\"description\" content=\"V\u00e5rt servicekoncept \u00e4r utformat f\u00f6r att hj\u00e4lpa till under hela formsprutningsprocessen, fr\u00e5n design till vidaref\u00f6r\u00e4dling eller vid \u00f6nskat produktionsskede.\" \/>\n<meta name=\"robots\" content=\"index, follow, max-snippet:-1, max-image-preview:large, max-video-preview:-1\" \/>\n<link rel=\"canonical\" href=\"https:\/\/tktiimi.fi\/sv\/tjanster\/\" \/>\n<meta property=\"og:locale\" content=\"sv_SE\" \/>\n<meta property=\"og:type\" content=\"article\" \/>\n<meta property=\"og:title\" content=\"Tj\u00e4nster - TK-Ty\u00f6kalutiimi Oy | Expert p\u00e5 formsprutningsproduktion\" \/>\n<meta property=\"og:description\" content=\"V\u00e5rt servicekoncept \u00e4r utformat f\u00f6r att hj\u00e4lpa till under hela formsprutningsprocessen, fr\u00e5n design till vidaref\u00f6r\u00e4dling eller vid \u00f6nskat produktionsskede.\" \/>\n<meta property=\"og:url\" content=\"https:\/\/tktiimi.fi\/sv\/tjanster\/\" \/>\n<meta property=\"og:site_name\" content=\"TK-Ty\u00f6kalutiimi Oy\" \/>\n<meta property=\"article:modified_time\" content=\"2026-01-16T11:34:57+00:00\" \/>\n<meta name=\"twitter:card\" content=\"summary_large_image\" \/>\n<meta name=\"twitter:label1\" content=\"Ber\u00e4knad l\u00e4stid\" \/>\n\t<meta name=\"twitter:data1\" content=\"4 minuter\" \/>\n<script type=\"application\/ld+json\" class=\"yoast-schema-graph\">{\"@context\":\"https:\\\/\\\/schema.org\",\"@graph\":[{\"@type\":\"WebPage\",\"@id\":\"https:\\\/\\\/tktiimi.fi\\\/sv\\\/tjanster\\\/\",\"url\":\"https:\\\/\\\/tktiimi.fi\\\/sv\\\/tjanster\\\/\",\"name\":\"Tj\u00e4nster - TK-Ty\u00f6kalutiimi Oy | Expert p\u00e5 formsprutningsproduktion\",\"isPartOf\":{\"@id\":\"https:\\\/\\\/tktiimi.fi\\\/sv\\\/#website\"},\"datePublished\":\"2022-02-08T14:36:13+00:00\",\"dateModified\":\"2026-01-16T11:34:57+00:00\",\"description\":\"V\u00e5rt servicekoncept \u00e4r utformat f\u00f6r att hj\u00e4lpa till under hela formsprutningsprocessen, fr\u00e5n design till vidaref\u00f6r\u00e4dling eller vid \u00f6nskat produktionsskede.\",\"breadcrumb\":{\"@id\":\"https:\\\/\\\/tktiimi.fi\\\/sv\\\/tjanster\\\/#breadcrumb\"},\"inLanguage\":\"sv-SE\",\"potentialAction\":[{\"@type\":\"ReadAction\",\"target\":[\"https:\\\/\\\/tktiimi.fi\\\/sv\\\/tjanster\\\/\"]}]},{\"@type\":\"BreadcrumbList\",\"@id\":\"https:\\\/\\\/tktiimi.fi\\\/sv\\\/tjanster\\\/#breadcrumb\",\"itemListElement\":[{\"@type\":\"ListItem\",\"position\":1,\"name\":\"Home\",\"item\":\"https:\\\/\\\/tktiimi.fi\\\/sv\\\/\"},{\"@type\":\"ListItem\",\"position\":2,\"name\":\"Tj\u00e4nster\"}]},{\"@type\":\"WebSite\",\"@id\":\"https:\\\/\\\/tktiimi.fi\\\/sv\\\/#website\",\"url\":\"https:\\\/\\\/tktiimi.fi\\\/sv\\\/\",\"name\":\"TK-Ty\u00f6kalutiimi Oy\",\"description\":\"Muovaamme ideoita\",\"publisher\":{\"@id\":\"https:\\\/\\\/tktiimi.fi\\\/sv\\\/#organization\"},\"potentialAction\":[{\"@type\":\"SearchAction\",\"target\":{\"@type\":\"EntryPoint\",\"urlTemplate\":\"https:\\\/\\\/tktiimi.fi\\\/sv\\\/?s={search_term_string}\"},\"query-input\":{\"@type\":\"PropertyValueSpecification\",\"valueRequired\":true,\"valueName\":\"search_term_string\"}}],\"inLanguage\":\"sv-SE\"},{\"@type\":\"Organization\",\"@id\":\"https:\\\/\\\/tktiimi.fi\\\/sv\\\/#organization\",\"name\":\"TK-Ty\u00f6kalutiimi Oy\",\"url\":\"https:\\\/\\\/tktiimi.fi\\\/sv\\\/\",\"logo\":{\"@type\":\"ImageObject\",\"inLanguage\":\"sv-SE\",\"@id\":\"https:\\\/\\\/tktiimi.fi\\\/sv\\\/#\\\/schema\\\/logo\\\/image\\\/\",\"url\":\"https:\\\/\\\/tktiimi.fi\\\/wp-content\\\/uploads\\\/2020\\\/09\\\/cropped-TK_tiimi_favicon.png\",\"contentUrl\":\"https:\\\/\\\/tktiimi.fi\\\/wp-content\\\/uploads\\\/2020\\\/09\\\/cropped-TK_tiimi_favicon.png\",\"width\":512,\"height\":512,\"caption\":\"TK-Ty\u00f6kalutiimi Oy\"},\"image\":{\"@id\":\"https:\\\/\\\/tktiimi.fi\\\/sv\\\/#\\\/schema\\\/logo\\\/image\\\/\"}}]}<\/script>\n<!-- \/ Yoast SEO plugin. -->","yoast_head_json":{"title":"Tj\u00e4nster - TK-Ty\u00f6kalutiimi Oy | Expert p\u00e5 formsprutningsproduktion","description":"V\u00e5rt servicekoncept \u00e4r utformat f\u00f6r att hj\u00e4lpa till under hela formsprutningsprocessen, fr\u00e5n design till vidaref\u00f6r\u00e4dling eller vid \u00f6nskat produktionsskede.","robots":{"index":"index","follow":"follow","max-snippet":"max-snippet:-1","max-image-preview":"max-image-preview:large","max-video-preview":"max-video-preview:-1"},"canonical":"https:\/\/tktiimi.fi\/sv\/tjanster\/","og_locale":"sv_SE","og_type":"article","og_title":"Tj\u00e4nster - TK-Ty\u00f6kalutiimi Oy | Expert p\u00e5 formsprutningsproduktion","og_description":"V\u00e5rt servicekoncept \u00e4r utformat f\u00f6r att hj\u00e4lpa till under hela formsprutningsprocessen, fr\u00e5n design till vidaref\u00f6r\u00e4dling eller vid \u00f6nskat produktionsskede.","og_url":"https:\/\/tktiimi.fi\/sv\/tjanster\/","og_site_name":"TK-Ty\u00f6kalutiimi Oy","article_modified_time":"2026-01-16T11:34:57+00:00","twitter_card":"summary_large_image","twitter_misc":{"Ber\u00e4knad l\u00e4stid":"4 minuter"},"schema":{"@context":"https:\/\/schema.org","@graph":[{"@type":"WebPage","@id":"https:\/\/tktiimi.fi\/sv\/tjanster\/","url":"https:\/\/tktiimi.fi\/sv\/tjanster\/","name":"Tj\u00e4nster - TK-Ty\u00f6kalutiimi Oy | Expert p\u00e5 formsprutningsproduktion","isPartOf":{"@id":"https:\/\/tktiimi.fi\/sv\/#website"},"datePublished":"2022-02-08T14:36:13+00:00","dateModified":"2026-01-16T11:34:57+00:00","description":"V\u00e5rt servicekoncept \u00e4r utformat f\u00f6r att hj\u00e4lpa till under hela formsprutningsprocessen, fr\u00e5n design till vidaref\u00f6r\u00e4dling eller vid \u00f6nskat produktionsskede.","breadcrumb":{"@id":"https:\/\/tktiimi.fi\/sv\/tjanster\/#breadcrumb"},"inLanguage":"sv-SE","potentialAction":[{"@type":"ReadAction","target":["https:\/\/tktiimi.fi\/sv\/tjanster\/"]}]},{"@type":"BreadcrumbList","@id":"https:\/\/tktiimi.fi\/sv\/tjanster\/#breadcrumb","itemListElement":[{"@type":"ListItem","position":1,"name":"Home","item":"https:\/\/tktiimi.fi\/sv\/"},{"@type":"ListItem","position":2,"name":"Tj\u00e4nster"}]},{"@type":"WebSite","@id":"https:\/\/tktiimi.fi\/sv\/#website","url":"https:\/\/tktiimi.fi\/sv\/","name":"TK-Ty\u00f6kalutiimi Oy","description":"Muovaamme ideoita","publisher":{"@id":"https:\/\/tktiimi.fi\/sv\/#organization"},"potentialAction":[{"@type":"SearchAction","target":{"@type":"EntryPoint","urlTemplate":"https:\/\/tktiimi.fi\/sv\/?s={search_term_string}"},"query-input":{"@type":"PropertyValueSpecification","valueRequired":true,"valueName":"search_term_string"}}],"inLanguage":"sv-SE"},{"@type":"Organization","@id":"https:\/\/tktiimi.fi\/sv\/#organization","name":"TK-Ty\u00f6kalutiimi Oy","url":"https:\/\/tktiimi.fi\/sv\/","logo":{"@type":"ImageObject","inLanguage":"sv-SE","@id":"https:\/\/tktiimi.fi\/sv\/#\/schema\/logo\/image\/","url":"https:\/\/tktiimi.fi\/wp-content\/uploads\/2020\/09\/cropped-TK_tiimi_favicon.png","contentUrl":"https:\/\/tktiimi.fi\/wp-content\/uploads\/2020\/09\/cropped-TK_tiimi_favicon.png","width":512,"height":512,"caption":"TK-Ty\u00f6kalutiimi Oy"},"image":{"@id":"https:\/\/tktiimi.fi\/sv\/#\/schema\/logo\/image\/"}}]}},"_links":{"self":[{"href":"https:\/\/tktiimi.fi\/sv\/wp-json\/wp\/v2\/pages\/1641","targetHints":{"allow":["GET"]}}],"collection":[{"href":"https:\/\/tktiimi.fi\/sv\/wp-json\/wp\/v2\/pages"}],"about":[{"href":"https:\/\/tktiimi.fi\/sv\/wp-json\/wp\/v2\/types\/page"}],"author":[{"embeddable":true,"href":"https:\/\/tktiimi.fi\/sv\/wp-json\/wp\/v2\/users\/1"}],"replies":[{"embeddable":true,"href":"https:\/\/tktiimi.fi\/sv\/wp-json\/wp\/v2\/comments?post=1641"}],"version-history":[{"count":8,"href":"https:\/\/tktiimi.fi\/sv\/wp-json\/wp\/v2\/pages\/1641\/revisions"}],"predecessor-version":[{"id":4460,"href":"https:\/\/tktiimi.fi\/sv\/wp-json\/wp\/v2\/pages\/1641\/revisions\/4460"}],"wp:attachment":[{"href":"https:\/\/tktiimi.fi\/sv\/wp-json\/wp\/v2\/media?parent=1641"}],"curies":[{"name":"wp","href":"https:\/\/api.w.org\/{rel}","templated":true}]}}